{"id":604,"date":"2023-11-26T09:14:48","date_gmt":"2023-11-26T07:14:48","guid":{"rendered":"https:\/\/www.mycityhotel.ee\/seminar\/"},"modified":"2025-07-16T14:03:09","modified_gmt":"2025-07-16T12:03:09","slug":"seminaari","status":"publish","type":"page","link":"https:\/\/www.mycityhotel.ee\/fi\/seminaari\/","title":{"rendered":"Seminaari"},"content":{"rendered":"\n<div class=\"wp-block-cover alignfull is-light\" style=\"min-height:530px;aspect-ratio:unset;\"><img loading=\"lazy\" decoding=\"async\" width=\"2560\" height=\"1493\" class=\"wp-block-cover__image-background wp-image-89\" alt=\"\" src=\"https:\/\/www.mycityhotel.ee\/wp-content\/uploads\/2023\/11\/My_City_Hotel_croissant_coffe-scaled.jpg\" style=\"object-position:55% 50%\" data-object-fit=\"cover\" data-object-position=\"55% 50%\" srcset=\"https:\/\/www.mycityhotel.ee\/wp-content\/uploads\/2023\/11\/My_City_Hotel_croissant_coffe-scaled.jpg 2560w, https:\/\/www.mycityhotel.ee\/wp-content\/uploads\/2023\/11\/My_City_Hotel_croissant_coffe-300x175.jpg 300w, https:\/\/www.mycityhotel.ee\/wp-content\/uploads\/2023\/11\/My_City_Hotel_croissant_coffe-1024x597.jpg 1024w, https:\/\/www.mycityhotel.ee\/wp-content\/uploads\/2023\/11\/My_City_Hotel_croissant_coffe-768x448.jpg 768w, https:\/\/www.mycityhotel.ee\/wp-content\/uploads\/2023\/11\/My_City_Hotel_croissant_coffe-1536x896.jpg 1536w, https:\/\/www.mycityhotel.ee\/wp-content\/uploads\/2023\/11\/My_City_Hotel_croissant_coffe-2048x1195.jpg 2048w, https:\/\/www.mycityhotel.ee\/wp-content\/uploads\/2023\/11\/My_City_Hotel_croissant_coffe-1568x915.jpg 1568w\" sizes=\"auto, (max-width: 2560px) 100vw, 2560px\" \/><span aria-hidden=\"true\" class=\"wp-block-cover__background has-background-dim-20 has-background-dim\"><\/span><div class=\"wp-block-cover__inner-container is-layout-flow wp-block-cover-is-layout-flow\">\n<p class=\"has-text-align-center has-white-color has-text-color has-large-font-size\">SEMINAARI<\/p>\n<\/div><\/div>\n\n\n\n<div style=\"height:20px\" aria-hidden=\"true\" class=\"wp-block-spacer\"><\/div>\n\n\n\n<div class=\"wp-block-columns is-layout-flex wp-container-core-columns-is-layout-28f84493 wp-block-columns-is-layout-flex\">\n<div class=\"wp-block-column is-layout-flow wp-block-column-is-layout-flow\">\n<h3 class=\"wp-block-heading has-text-align-center has-text-color\" style=\"color:#c49925\">My City Hotelin seminaarihuone Vanhassakaupungissa on sopiva monenlaisiin tapahtumiin, kuten kokouksiin, seminaareihin, vastaanottoihin, tilaisuuksiin, lehdist\u00f6tilaisuuksiin ja muuhun. Huone on hyvin valaistu, ikkunat voi avata, ja se kuuluu hotellin ilmaisen langattoman internetin (wifi) kattavuuteen. Voit tilata virkist\u00e4v\u00e4n kahvitauon ja herkullisen, ikimuistoisen lounaan MIX-ravintolasta.<\/h3>\n<\/div>\n<\/div>\n\n\n\n<div style=\"height:20px\" aria-hidden=\"true\" class=\"wp-block-spacer\"><\/div>\n\n\n\n<div class=\"wp-block-columns alignwide are-vertically-aligned-center is-layout-flex wp-container-core-columns-is-layout-28f84493 wp-block-columns-is-layout-flex\">\n<div class=\"wp-block-column is-vertically-aligned-center is-layout-flow wp-block-column-is-layout-flow\" style=\"padding-top:var(--wp--preset--spacing--30);padding-right:var(--wp--preset--spacing--20);padding-bottom:var(--wp--preset--spacing--30);padding-left:var(--wp--preset--spacing--20)\">\n<h2 class=\"wp-block-heading has-text-align-center\"><strong>SEMINAARIHUONE<\/strong><\/h2>\n\n\n\n<ul class=\"wp-block-list\">\n<li>Dataprojektori ja n\u00e4ytt\u00f6<\/li>\n\n\n\n<li>Videokonferenssiratkaisu, joka tarjoaa 360 asteen kameran\u00e4kym\u00e4n ja selke\u00e4n \u00e4\u00e4nen sek\u00e4 l\u00e4hiet\u00e4isyyden ett\u00e4 et\u00e4osallistujille.<\/li>\n\n\n\n<li>Valkotaulu markerien kanssa<\/li>\n\n\n\n<li>A5 kirjoituspadit ja kirjoitusv\u00e4lineet p\u00f6ydill\u00e4<\/li>\n\n\n\n<li>Ilmainen nopea wifi<br><br>Huoneeseen mahtuu mukavasti enint\u00e4\u00e4n 30 osallistujaa teatterimuodossa ja 20 osallistujaa luokkahuoneasetelmassa.<\/li>\n<\/ul>\n\n\n\n<h2 class=\"wp-block-heading has-text-align-center\"><strong>HINNAT<\/strong><\/h2>\n\n\n\n<p>Tunnihinta: 50,00 \u20ac<br>4 tunnin hinta: 115,00 \u20ac<br>P\u00e4iv\u00e4hinta: 220,00 \u20ac<\/p>\n\n\n\n<p>Varaathan huoneen v\u00e4hint\u00e4\u00e4n 72 tuntia etuk\u00e4teen<\/p>\n<\/div>\n\n\n\n<div class=\"wp-block-column is-vertically-aligned-center is-layout-flow wp-block-column-is-layout-flow\" style=\"padding-right:var(--wp--preset--spacing--30);padding-left:var(--wp--preset--spacing--30)\">\n<figure class=\"wp-block-gallery has-nested-images columns-2 is-cropped wp-block-gallery-1 is-layout-flex wp-block-gallery-is-layout-flex\" style=\"padding-top:var(--wp--preset--spacing--30);padding-right:var(--wp--preset--spacing--40);padding-bottom:var(--wp--preset--spacing--30);padding-left:var(--wp--preset--spacing--40)\">\n<figure class=\"wp-block-image size-large\"><a href=\"https:\/\/www.mycityhotel.ee\/wp-content\/uploads\/2023\/11\/My_City_Hotel_seminariruum-scaled.jpg\"><img loading=\"lazy\" decoding=\"async\" width=\"1024\" height=\"582\" data-id=\"173\" src=\"https:\/\/www.mycityhotel.ee\/wp-content\/uploads\/2023\/11\/My_City_Hotel_seminariruum-1024x582.jpg\" alt=\"\" class=\"wp-image-173\" srcset=\"https:\/\/www.mycityhotel.ee\/wp-content\/uploads\/2023\/11\/My_City_Hotel_seminariruum-1024x582.jpg 1024w, https:\/\/www.mycityhotel.ee\/wp-content\/uploads\/2023\/11\/My_City_Hotel_seminariruum-300x171.jpg 300w, https:\/\/www.mycityhotel.ee\/wp-content\/uploads\/2023\/11\/My_City_Hotel_seminariruum-768x436.jpg 768w, https:\/\/www.mycityhotel.ee\/wp-content\/uploads\/2023\/11\/My_City_Hotel_seminariruum-1536x873.jpg 1536w, https:\/\/www.mycityhotel.ee\/wp-content\/uploads\/2023\/11\/My_City_Hotel_seminariruum-2048x1164.jpg 2048w, https:\/\/www.mycityhotel.ee\/wp-content\/uploads\/2023\/11\/My_City_Hotel_seminariruum-1568x891.jpg 1568w\" sizes=\"auto, (max-width: 1024px) 100vw, 1024px\" \/><\/a><\/figure>\n\n\n\n<figure class=\"wp-block-image size-large\"><a href=\"https:\/\/www.mycityhotel.ee\/wp-content\/uploads\/2023\/12\/My_Cit_Hotel_Seminar_noupidamisteruum-scaled.jpg\"><img loading=\"lazy\" decoding=\"async\" width=\"1024\" height=\"768\" data-id=\"421\" src=\"https:\/\/www.mycityhotel.ee\/wp-content\/uploads\/2023\/12\/My_Cit_Hotel_Seminar_noupidamisteruum-1024x768.jpg\" alt=\"\" class=\"wp-image-421\" srcset=\"https:\/\/www.mycityhotel.ee\/wp-content\/uploads\/2023\/12\/My_Cit_Hotel_Seminar_noupidamisteruum-1024x768.jpg 1024w, https:\/\/www.mycityhotel.ee\/wp-content\/uploads\/2023\/12\/My_Cit_Hotel_Seminar_noupidamisteruum-300x225.jpg 300w, https:\/\/www.mycityhotel.ee\/wp-content\/uploads\/2023\/12\/My_Cit_Hotel_Seminar_noupidamisteruum-768x576.jpg 768w, https:\/\/www.mycityhotel.ee\/wp-content\/uploads\/2023\/12\/My_Cit_Hotel_Seminar_noupidamisteruum-1536x1152.jpg 1536w, https:\/\/www.mycityhotel.ee\/wp-content\/uploads\/2023\/12\/My_Cit_Hotel_Seminar_noupidamisteruum-2048x1536.jpg 2048w, https:\/\/www.mycityhotel.ee\/wp-content\/uploads\/2023\/12\/My_Cit_Hotel_Seminar_noupidamisteruum-1568x1176.jpg 1568w\" sizes=\"auto, (max-width: 1024px) 100vw, 1024px\" \/><\/a><\/figure>\n\n\n\n<figure class=\"wp-block-image size-large\"><a href=\"https:\/\/www.mycityhotel.ee\/wp-content\/uploads\/2023\/11\/My_City_Hotel_konverents-scaled.jpg\"><img loading=\"lazy\" decoding=\"async\" width=\"1024\" height=\"683\" data-id=\"107\" src=\"https:\/\/www.mycityhotel.ee\/wp-content\/uploads\/2023\/11\/My_City_Hotel_konverents-1024x683.jpg\" alt=\"\" class=\"wp-image-107\" srcset=\"https:\/\/www.mycityhotel.ee\/wp-content\/uploads\/2023\/11\/My_City_Hotel_konverents-1024x683.jpg 1024w, https:\/\/www.mycityhotel.ee\/wp-content\/uploads\/2023\/11\/My_City_Hotel_konverents-300x200.jpg 300w, https:\/\/www.mycityhotel.ee\/wp-content\/uploads\/2023\/11\/My_City_Hotel_konverents-768x512.jpg 768w, https:\/\/www.mycityhotel.ee\/wp-content\/uploads\/2023\/11\/My_City_Hotel_konverents-1536x1024.jpg 1536w, https:\/\/www.mycityhotel.ee\/wp-content\/uploads\/2023\/11\/My_City_Hotel_konverents-2048x1366.jpg 2048w, https:\/\/www.mycityhotel.ee\/wp-content\/uploads\/2023\/11\/My_City_Hotel_konverents-1568x1046.jpg 1568w\" sizes=\"auto, (max-width: 1024px) 100vw, 1024px\" \/><\/a><\/figure>\n\n\n\n<figure class=\"wp-block-image size-large\"><a href=\"https:\/\/www.mycityhotel.ee\/wp-content\/uploads\/2023\/12\/My_City_Hotel_Seminar_klassiruum-scaled.jpg\"><img loading=\"lazy\" decoding=\"async\" width=\"1024\" height=\"582\" data-id=\"424\" src=\"https:\/\/www.mycityhotel.ee\/wp-content\/uploads\/2023\/12\/My_City_Hotel_Seminar_klassiruum-1024x582.jpg\" alt=\"\" class=\"wp-image-424\" srcset=\"https:\/\/www.mycityhotel.ee\/wp-content\/uploads\/2023\/12\/My_City_Hotel_Seminar_klassiruum-1024x582.jpg 1024w, https:\/\/www.mycityhotel.ee\/wp-content\/uploads\/2023\/12\/My_City_Hotel_Seminar_klassiruum-300x171.jpg 300w, https:\/\/www.mycityhotel.ee\/wp-content\/uploads\/2023\/12\/My_City_Hotel_Seminar_klassiruum-768x436.jpg 768w, https:\/\/www.mycityhotel.ee\/wp-content\/uploads\/2023\/12\/My_City_Hotel_Seminar_klassiruum-1536x873.jpg 1536w, https:\/\/www.mycityhotel.ee\/wp-content\/uploads\/2023\/12\/My_City_Hotel_Seminar_klassiruum-2048x1164.jpg 2048w, https:\/\/www.mycityhotel.ee\/wp-content\/uploads\/2023\/12\/My_City_Hotel_Seminar_klassiruum-1568x891.jpg 1568w\" sizes=\"auto, (max-width: 1024px) 100vw, 1024px\" \/><\/a><\/figure>\n<\/figure>\n<\/div>\n<\/div>\n\n\n\n<div style=\"height:20px\" aria-hidden=\"true\" class=\"wp-block-spacer\"><\/div>\n","protected":false},"excerpt":{"rendered":"<p>My City Hotelin seminaarihuone Vanhassakaupungissa on sopiva monenlaisiin tapahtumiin, kuten kokouksiin, seminaareihin, vastaanottoihin, tilaisuuksiin, lehdist\u00f6tilaisuuksiin ja muuhun. Huone on hyvin valaistu, ikkunat voi avata, ja se kuuluu hotellin ilmaisen langattoman internetin (wifi) kattavuuteen. Voit tilata virkist\u00e4v\u00e4n kahvitauon ja herkullisen, ikimuistoisen lounaan MIX-ravintolasta. SEMINAARIHUONE HINNAT Tunnihinta: 50,00 \u20ac4 tunnin hinta: 115,00 \u20acP\u00e4iv\u00e4hinta: 220,00 \u20ac Varaathan huoneen [&hellip;]<\/p>\n","protected":false},"author":2,"featured_media":0,"parent":0,"menu_order":0,"comment_status":"closed","ping_status":"closed","template":"","meta":{"_improvement_type_select":"improve_an_existing","_thumb_yes_seoaic":false,"_frame_yes_seoaic":false,"seoaic_generate_description":"","seoaic_improve_instructions_prompt":"","seoaic_rollback_content_improvement":"","seoaic_idea_thumbnail_generator":"","thumbnail_generated":false,"thumbnail_generate_prompt":"","seoaic_article_description":"","inline_featured_image":false,"footnotes":""},"class_list":["post-604","page","type-page","status-publish","hentry"],"yoast_head":"<!-- This site is optimized with the Yoast SEO plugin v27.2 - https:\/\/yoast.com\/product\/yoast-seo-wordpress\/ -->\n<title>Seminaari - My City hotel vanalinnas<\/title>\n<meta name=\"robots\" content=\"index, follow, max-snippet:-1, max-image-preview:large, max-video-preview:-1\" \/>\n<link rel=\"canonical\" href=\"https:\/\/www.mycityhotel.ee\/fi\/seminaari\/\" \/>\n<meta property=\"og:locale\" content=\"fi_FI\" \/>\n<meta property=\"og:type\" content=\"article\" \/>\n<meta property=\"og:title\" content=\"Seminaari - My City hotel vanalinnas\" \/>\n<meta property=\"og:description\" content=\"My City Hotelin seminaarihuone Vanhassakaupungissa on sopiva monenlaisiin tapahtumiin, kuten kokouksiin, seminaareihin, vastaanottoihin, tilaisuuksiin, lehdist\u00f6tilaisuuksiin ja muuhun. Huone on hyvin valaistu, ikkunat voi avata, ja se kuuluu hotellin ilmaisen langattoman internetin (wifi) kattavuuteen. Voit tilata virkist\u00e4v\u00e4n kahvitauon ja herkullisen, ikimuistoisen lounaan MIX-ravintolasta. SEMINAARIHUONE HINNAT Tunnihinta: 50,00 \u20ac4 tunnin hinta: 115,00 \u20acP\u00e4iv\u00e4hinta: 220,00 \u20ac Varaathan huoneen [&hellip;]\" \/>\n<meta property=\"og:url\" content=\"https:\/\/www.mycityhotel.ee\/fi\/seminaari\/\" \/>\n<meta property=\"og:site_name\" content=\"My City hotel vanalinnas\" \/>\n<meta property=\"article:modified_time\" content=\"2025-07-16T12:03:09+00:00\" \/>\n<meta property=\"og:image\" content=\"https:\/\/www.mycityhotel.ee\/wp-content\/uploads\/2023\/11\/My_City_Hotel_croissant_coffe-scaled.jpg\" \/>\n\t<meta property=\"og:image:width\" content=\"2560\" \/>\n\t<meta property=\"og:image:height\" content=\"1493\" \/>\n\t<meta property=\"og:image:type\" content=\"image\/jpeg\" \/>\n<meta name=\"twitter:card\" content=\"summary_large_image\" \/>\n<meta name=\"twitter:label1\" content=\"Arvioitu lukuaika\" \/>\n\t<meta name=\"twitter:data1\" content=\"2 minuuttia\" \/>\n<script type=\"application\/ld+json\" class=\"yoast-schema-graph\">{\"@context\":\"https:\/\/schema.org\",\"@graph\":[{\"@type\":\"WebPage\",\"@id\":\"https:\/\/www.mycityhotel.ee\/fi\/seminaari\/\",\"url\":\"https:\/\/www.mycityhotel.ee\/fi\/seminaari\/\",\"name\":\"Seminaari - My City hotel vanalinnas\",\"isPartOf\":{\"@id\":\"https:\/\/www.mycityhotel.ee\/#website\"},\"primaryImageOfPage\":{\"@id\":\"https:\/\/www.mycityhotel.ee\/fi\/seminaari\/#primaryimage\"},\"image\":{\"@id\":\"https:\/\/www.mycityhotel.ee\/fi\/seminaari\/#primaryimage\"},\"thumbnailUrl\":\"https:\/\/www.mycityhotel.ee\/wp-content\/uploads\/2023\/11\/My_City_Hotel_croissant_coffe-scaled.jpg\",\"datePublished\":\"2023-11-26T07:14:48+00:00\",\"dateModified\":\"2025-07-16T12:03:09+00:00\",\"breadcrumb\":{\"@id\":\"https:\/\/www.mycityhotel.ee\/fi\/seminaari\/#breadcrumb\"},\"inLanguage\":\"fi\",\"potentialAction\":[{\"@type\":\"ReadAction\",\"target\":[\"https:\/\/www.mycityhotel.ee\/fi\/seminaari\/\"]}]},{\"@type\":\"ImageObject\",\"inLanguage\":\"fi\",\"@id\":\"https:\/\/www.mycityhotel.ee\/fi\/seminaari\/#primaryimage\",\"url\":\"https:\/\/www.mycityhotel.ee\/wp-content\/uploads\/2023\/11\/My_City_Hotel_croissant_coffe-scaled.jpg\",\"contentUrl\":\"https:\/\/www.mycityhotel.ee\/wp-content\/uploads\/2023\/11\/My_City_Hotel_croissant_coffe-scaled.jpg\"},{\"@type\":\"BreadcrumbList\",\"@id\":\"https:\/\/www.mycityhotel.ee\/fi\/seminaari\/#breadcrumb\",\"itemListElement\":[{\"@type\":\"ListItem\",\"position\":1,\"name\":\"Home\",\"item\":\"https:\/\/www.mycityhotel.ee\/fi\/\"},{\"@type\":\"ListItem\",\"position\":2,\"name\":\"Seminaari\"}]},{\"@type\":\"WebSite\",\"@id\":\"https:\/\/www.mycityhotel.ee\/#website\",\"url\":\"https:\/\/www.mycityhotel.ee\/\",\"name\":\"My City hotel vanalinnas\",\"description\":\"\",\"potentialAction\":[{\"@type\":\"SearchAction\",\"target\":{\"@type\":\"EntryPoint\",\"urlTemplate\":\"https:\/\/www.mycityhotel.ee\/?s={search_term_string}\"},\"query-input\":{\"@type\":\"PropertyValueSpecification\",\"valueRequired\":true,\"valueName\":\"search_term_string\"}}],\"inLanguage\":\"fi\"}]}<\/script>\n<!-- \/ Yoast SEO plugin. -->","yoast_head_json":{"title":"Seminaari - My City hotel vanalinnas","robots":{"index":"index","follow":"follow","max-snippet":"max-snippet:-1","max-image-preview":"max-image-preview:large","max-video-preview":"max-video-preview:-1"},"canonical":"https:\/\/www.mycityhotel.ee\/fi\/seminaari\/","og_locale":"fi_FI","og_type":"article","og_title":"Seminaari - My City hotel vanalinnas","og_description":"My City Hotelin seminaarihuone Vanhassakaupungissa on sopiva monenlaisiin tapahtumiin, kuten kokouksiin, seminaareihin, vastaanottoihin, tilaisuuksiin, lehdist\u00f6tilaisuuksiin ja muuhun. Huone on hyvin valaistu, ikkunat voi avata, ja se kuuluu hotellin ilmaisen langattoman internetin (wifi) kattavuuteen. Voit tilata virkist\u00e4v\u00e4n kahvitauon ja herkullisen, ikimuistoisen lounaan MIX-ravintolasta. SEMINAARIHUONE HINNAT Tunnihinta: 50,00 \u20ac4 tunnin hinta: 115,00 \u20acP\u00e4iv\u00e4hinta: 220,00 \u20ac Varaathan huoneen [&hellip;]","og_url":"https:\/\/www.mycityhotel.ee\/fi\/seminaari\/","og_site_name":"My City hotel vanalinnas","article_modified_time":"2025-07-16T12:03:09+00:00","og_image":[{"width":2560,"height":1493,"url":"https:\/\/www.mycityhotel.ee\/wp-content\/uploads\/2023\/11\/My_City_Hotel_croissant_coffe-scaled.jpg","type":"image\/jpeg"}],"twitter_card":"summary_large_image","twitter_misc":{"Arvioitu lukuaika":"2 minuuttia"},"schema":{"@context":"https:\/\/schema.org","@graph":[{"@type":"WebPage","@id":"https:\/\/www.mycityhotel.ee\/fi\/seminaari\/","url":"https:\/\/www.mycityhotel.ee\/fi\/seminaari\/","name":"Seminaari - My City hotel vanalinnas","isPartOf":{"@id":"https:\/\/www.mycityhotel.ee\/#website"},"primaryImageOfPage":{"@id":"https:\/\/www.mycityhotel.ee\/fi\/seminaari\/#primaryimage"},"image":{"@id":"https:\/\/www.mycityhotel.ee\/fi\/seminaari\/#primaryimage"},"thumbnailUrl":"https:\/\/www.mycityhotel.ee\/wp-content\/uploads\/2023\/11\/My_City_Hotel_croissant_coffe-scaled.jpg","datePublished":"2023-11-26T07:14:48+00:00","dateModified":"2025-07-16T12:03:09+00:00","breadcrumb":{"@id":"https:\/\/www.mycityhotel.ee\/fi\/seminaari\/#breadcrumb"},"inLanguage":"fi","potentialAction":[{"@type":"ReadAction","target":["https:\/\/www.mycityhotel.ee\/fi\/seminaari\/"]}]},{"@type":"ImageObject","inLanguage":"fi","@id":"https:\/\/www.mycityhotel.ee\/fi\/seminaari\/#primaryimage","url":"https:\/\/www.mycityhotel.ee\/wp-content\/uploads\/2023\/11\/My_City_Hotel_croissant_coffe-scaled.jpg","contentUrl":"https:\/\/www.mycityhotel.ee\/wp-content\/uploads\/2023\/11\/My_City_Hotel_croissant_coffe-scaled.jpg"},{"@type":"BreadcrumbList","@id":"https:\/\/www.mycityhotel.ee\/fi\/seminaari\/#breadcrumb","itemListElement":[{"@type":"ListItem","position":1,"name":"Home","item":"https:\/\/www.mycityhotel.ee\/fi\/"},{"@type":"ListItem","position":2,"name":"Seminaari"}]},{"@type":"WebSite","@id":"https:\/\/www.mycityhotel.ee\/#website","url":"https:\/\/www.mycityhotel.ee\/","name":"My City hotel vanalinnas","description":"","potentialAction":[{"@type":"SearchAction","target":{"@type":"EntryPoint","urlTemplate":"https:\/\/www.mycityhotel.ee\/?s={search_term_string}"},"query-input":{"@type":"PropertyValueSpecification","valueRequired":true,"valueName":"search_term_string"}}],"inLanguage":"fi"}]}},"_links":{"self":[{"href":"https:\/\/www.mycityhotel.ee\/fi\/wp-json\/wp\/v2\/pages\/604","targetHints":{"allow":["GET"]}}],"collection":[{"href":"https:\/\/www.mycityhotel.ee\/fi\/wp-json\/wp\/v2\/pages"}],"about":[{"href":"https:\/\/www.mycityhotel.ee\/fi\/wp-json\/wp\/v2\/types\/page"}],"author":[{"embeddable":true,"href":"https:\/\/www.mycityhotel.ee\/fi\/wp-json\/wp\/v2\/users\/2"}],"replies":[{"embeddable":true,"href":"https:\/\/www.mycityhotel.ee\/fi\/wp-json\/wp\/v2\/comments?post=604"}],"version-history":[{"count":6,"href":"https:\/\/www.mycityhotel.ee\/fi\/wp-json\/wp\/v2\/pages\/604\/revisions"}],"predecessor-version":[{"id":1495,"href":"https:\/\/www.mycityhotel.ee\/fi\/wp-json\/wp\/v2\/pages\/604\/revisions\/1495"}],"wp:attachment":[{"href":"https:\/\/www.mycityhotel.ee\/fi\/wp-json\/wp\/v2\/media?parent=604"}],"curies":[{"name":"wp","href":"https:\/\/api.w.org\/{rel}","templated":true}]}}