{"id":588,"date":"2023-11-26T09:15:14","date_gmt":"2023-11-26T07:15:14","guid":{"rendered":"https:\/\/www.mycityhotel.ee\/restoran\/"},"modified":"2024-05-03T12:01:47","modified_gmt":"2024-05-03T10:01:47","slug":"ravintola","status":"publish","type":"page","link":"https:\/\/www.mycityhotel.ee\/fi\/ravintola\/","title":{"rendered":"Ravintola"},"content":{"rendered":"\n<div class=\"wp-block-cover alignfull is-light\" style=\"min-height:530px;aspect-ratio:unset;\"><span aria-hidden=\"true\" class=\"wp-block-cover__background has-background-dim-20 has-background-dim\"><\/span><img loading=\"lazy\" decoding=\"async\" width=\"1365\" height=\"2048\" class=\"wp-block-cover__image-background wp-image-261\" alt=\"\" src=\"https:\/\/www.mycityhotel.ee\/wp-content\/uploads\/2023\/11\/My_City_Hotel_Mix_Restoran_konjakis_juust.jpg\" style=\"object-position:57% 71%\" data-object-fit=\"cover\" data-object-position=\"57% 71%\" srcset=\"https:\/\/www.mycityhotel.ee\/wp-content\/uploads\/2023\/11\/My_City_Hotel_Mix_Restoran_konjakis_juust.jpg 1365w, https:\/\/www.mycityhotel.ee\/wp-content\/uploads\/2023\/11\/My_City_Hotel_Mix_Restoran_konjakis_juust-200x300.jpg 200w, https:\/\/www.mycityhotel.ee\/wp-content\/uploads\/2023\/11\/My_City_Hotel_Mix_Restoran_konjakis_juust-683x1024.jpg 683w, https:\/\/www.mycityhotel.ee\/wp-content\/uploads\/2023\/11\/My_City_Hotel_Mix_Restoran_konjakis_juust-768x1152.jpg 768w, https:\/\/www.mycityhotel.ee\/wp-content\/uploads\/2023\/11\/My_City_Hotel_Mix_Restoran_konjakis_juust-1024x1536.jpg 1024w\" sizes=\"auto, (max-width: 1365px) 100vw, 1365px\" \/><div class=\"wp-block-cover__inner-container is-layout-flow wp-block-cover-is-layout-flow\">\n<p class=\"has-text-align-center has-white-color has-text-color has-large-font-size\" style=\"text-transform:uppercase\">Ravintola<\/p>\n<\/div><\/div>\n\n\n\n<div style=\"height:20px\" aria-hidden=\"true\" class=\"wp-block-spacer\"><\/div>\n\n\n\n<div class=\"wp-block-columns alignwide is-layout-flex wp-container-core-columns-is-layout-28f84493 wp-block-columns-is-layout-flex\">\n<div class=\"wp-block-column is-vertically-aligned-center is-layout-flow wp-block-column-is-layout-flow\" style=\"padding-top:var(--wp--preset--spacing--30);padding-right:var(--wp--preset--spacing--40);padding-bottom:var(--wp--preset--spacing--30);padding-left:var(--wp--preset--spacing--40)\">\n<h2 class=\"wp-block-heading has-text-align-center\"><strong>MIX RAVINTOLA<\/strong><\/h2>\n\n\n\n<p class=\"has-text-align-center\">Mix Resto on erilaisten tietojen ja taitojen sulautuma, jotka tiimi on hankkinut ravintola-alalla vuosien varrella. Mix-ravintolan vieraat p\u00e4\u00e4sev\u00e4t nauttimaan tiimin asiantuntemuksesta, olipa kyseess\u00e4 sitten kansainv\u00e4linen keitti\u00f6 tai paikalliset ruoat. Ravintola kunnioittaa ruokaa ja raaka-aineita, pit\u00e4en tiivist\u00e4 yhteisty\u00f6t\u00e4 paikallisten ammattimaisien viljelij\u00f6iden, mets\u00e4st\u00e4jien ja kalastajien kanssa.<\/p>\n\n\n\n<p class=\"has-text-align-center\"><strong>Mix-ravintola on avoinna joka p\u00e4iv\u00e4 klo 12:00 &#8211; 23:00 (keitti\u00f6 sulkeutuu klo 22:00).<\/strong><\/p>\n\n\n\n<div class=\"wp-block-buttons is-content-justification-center is-layout-flex wp-container-core-buttons-is-layout-a89b3969 wp-block-buttons-is-layout-flex\">\n<div class=\"wp-block-button\"><a class=\"wp-block-button__link wp-element-button\" href=\"https:\/\/mixrestoran.ee\/en\/\"><strong>L<\/strong>UE LIS\u00c4\u00c4<\/a><\/div>\n<\/div>\n<\/div>\n\n\n\n<div class=\"wp-block-column is-layout-flow wp-block-column-is-layout-flow\">\n<figure class=\"wp-block-gallery has-nested-images columns-default is-cropped wp-block-gallery-1 is-layout-flex wp-block-gallery-is-layout-flex\" style=\"padding-top:var(--wp--preset--spacing--30);padding-right:var(--wp--preset--spacing--40);padding-bottom:var(--wp--preset--spacing--30);padding-left:var(--wp--preset--spacing--40)\">\n<figure class=\"wp-block-image size-large\"><a href=\"https:\/\/www.mycityhotel.ee\/wp-content\/uploads\/2023\/11\/My_City_Hotel_Mix_Restoran_konjakis_juust.jpg\"><img loading=\"lazy\" decoding=\"async\" width=\"683\" height=\"1024\" data-id=\"261\" src=\"https:\/\/www.mycityhotel.ee\/wp-content\/uploads\/2023\/11\/My_City_Hotel_Mix_Restoran_konjakis_juust-683x1024.jpg\" alt=\"\" class=\"wp-image-261\" srcset=\"https:\/\/www.mycityhotel.ee\/wp-content\/uploads\/2023\/11\/My_City_Hotel_Mix_Restoran_konjakis_juust-683x1024.jpg 683w, https:\/\/www.mycityhotel.ee\/wp-content\/uploads\/2023\/11\/My_City_Hotel_Mix_Restoran_konjakis_juust-200x300.jpg 200w, https:\/\/www.mycityhotel.ee\/wp-content\/uploads\/2023\/11\/My_City_Hotel_Mix_Restoran_konjakis_juust-768x1152.jpg 768w, https:\/\/www.mycityhotel.ee\/wp-content\/uploads\/2023\/11\/My_City_Hotel_Mix_Restoran_konjakis_juust-1024x1536.jpg 1024w, https:\/\/www.mycityhotel.ee\/wp-content\/uploads\/2023\/11\/My_City_Hotel_Mix_Restoran_konjakis_juust.jpg 1365w\" sizes=\"auto, (max-width: 683px) 100vw, 683px\" \/><\/a><\/figure>\n\n\n\n<figure class=\"wp-block-image size-large\"><a href=\"https:\/\/www.mycityhotel.ee\/wp-content\/uploads\/2023\/11\/My_City_Hotel_Mix_Restoran_Lohe-tartar.jpg\"><img loading=\"lazy\" decoding=\"async\" width=\"1024\" height=\"682\" data-id=\"258\" src=\"https:\/\/www.mycityhotel.ee\/wp-content\/uploads\/2023\/11\/My_City_Hotel_Mix_Restoran_Lohe-tartar-1024x682.jpg\" alt=\"\" class=\"wp-image-258\" srcset=\"https:\/\/www.mycityhotel.ee\/wp-content\/uploads\/2023\/11\/My_City_Hotel_Mix_Restoran_Lohe-tartar-1024x682.jpg 1024w, https:\/\/www.mycityhotel.ee\/wp-content\/uploads\/2023\/11\/My_City_Hotel_Mix_Restoran_Lohe-tartar-300x200.jpg 300w, https:\/\/www.mycityhotel.ee\/wp-content\/uploads\/2023\/11\/My_City_Hotel_Mix_Restoran_Lohe-tartar-768x512.jpg 768w, https:\/\/www.mycityhotel.ee\/wp-content\/uploads\/2023\/11\/My_City_Hotel_Mix_Restoran_Lohe-tartar-1536x1024.jpg 1536w, https:\/\/www.mycityhotel.ee\/wp-content\/uploads\/2023\/11\/My_City_Hotel_Mix_Restoran_Lohe-tartar-1568x1045.jpg 1568w, https:\/\/www.mycityhotel.ee\/wp-content\/uploads\/2023\/11\/My_City_Hotel_Mix_Restoran_Lohe-tartar.jpg 1784w\" sizes=\"auto, (max-width: 1024px) 100vw, 1024px\" \/><\/a><\/figure>\n\n\n\n<figure class=\"wp-block-image size-large\"><a href=\"https:\/\/www.mycityhotel.ee\/wp-content\/uploads\/2023\/11\/My_City_Hotel_Mix_Restoran_Lohe.jpg\"><img loading=\"lazy\" decoding=\"async\" width=\"683\" height=\"1024\" data-id=\"255\" src=\"https:\/\/www.mycityhotel.ee\/wp-content\/uploads\/2023\/11\/My_City_Hotel_Mix_Restoran_Lohe-683x1024.jpg\" alt=\"\" class=\"wp-image-255\" srcset=\"https:\/\/www.mycityhotel.ee\/wp-content\/uploads\/2023\/11\/My_City_Hotel_Mix_Restoran_Lohe-683x1024.jpg 683w, https:\/\/www.mycityhotel.ee\/wp-content\/uploads\/2023\/11\/My_City_Hotel_Mix_Restoran_Lohe-200x300.jpg 200w, https:\/\/www.mycityhotel.ee\/wp-content\/uploads\/2023\/11\/My_City_Hotel_Mix_Restoran_Lohe-768x1152.jpg 768w, https:\/\/www.mycityhotel.ee\/wp-content\/uploads\/2023\/11\/My_City_Hotel_Mix_Restoran_Lohe-1024x1536.jpg 1024w, https:\/\/www.mycityhotel.ee\/wp-content\/uploads\/2023\/11\/My_City_Hotel_Mix_Restoran_Lohe.jpg 1365w\" sizes=\"auto, (max-width: 683px) 100vw, 683px\" \/><\/a><\/figure>\n\n\n\n<figure class=\"wp-block-image size-large\"><a href=\"https:\/\/www.mycityhotel.ee\/wp-content\/uploads\/2023\/11\/My_City_Hotel_Mix_Restoran_part.jpg\"><img loading=\"lazy\" decoding=\"async\" width=\"683\" height=\"1024\" data-id=\"252\" src=\"https:\/\/www.mycityhotel.ee\/wp-content\/uploads\/2023\/11\/My_City_Hotel_Mix_Restoran_part-683x1024.jpg\" alt=\"\" class=\"wp-image-252\" srcset=\"https:\/\/www.mycityhotel.ee\/wp-content\/uploads\/2023\/11\/My_City_Hotel_Mix_Restoran_part-683x1024.jpg 683w, https:\/\/www.mycityhotel.ee\/wp-content\/uploads\/2023\/11\/My_City_Hotel_Mix_Restoran_part-200x300.jpg 200w, https:\/\/www.mycityhotel.ee\/wp-content\/uploads\/2023\/11\/My_City_Hotel_Mix_Restoran_part-768x1152.jpg 768w, https:\/\/www.mycityhotel.ee\/wp-content\/uploads\/2023\/11\/My_City_Hotel_Mix_Restoran_part-1024x1536.jpg 1024w, https:\/\/www.mycityhotel.ee\/wp-content\/uploads\/2023\/11\/My_City_Hotel_Mix_Restoran_part.jpg 1365w\" sizes=\"auto, (max-width: 683px) 100vw, 683px\" \/><\/a><\/figure>\n\n\n\n<figure class=\"wp-block-image size-large\"><a href=\"https:\/\/www.mycityhotel.ee\/wp-content\/uploads\/2023\/11\/My_City_Hotel_Mix_Restoran_peedi_carpaccio.jpg\"><img loading=\"lazy\" decoding=\"async\" width=\"683\" height=\"1024\" data-id=\"249\" src=\"https:\/\/www.mycityhotel.ee\/wp-content\/uploads\/2023\/11\/My_City_Hotel_Mix_Restoran_peedi_carpaccio-683x1024.jpg\" alt=\"\" class=\"wp-image-249\" srcset=\"https:\/\/www.mycityhotel.ee\/wp-content\/uploads\/2023\/11\/My_City_Hotel_Mix_Restoran_peedi_carpaccio-683x1024.jpg 683w, https:\/\/www.mycityhotel.ee\/wp-content\/uploads\/2023\/11\/My_City_Hotel_Mix_Restoran_peedi_carpaccio-200x300.jpg 200w, https:\/\/www.mycityhotel.ee\/wp-content\/uploads\/2023\/11\/My_City_Hotel_Mix_Restoran_peedi_carpaccio-768x1152.jpg 768w, https:\/\/www.mycityhotel.ee\/wp-content\/uploads\/2023\/11\/My_City_Hotel_Mix_Restoran_peedi_carpaccio-1024x1536.jpg 1024w, https:\/\/www.mycityhotel.ee\/wp-content\/uploads\/2023\/11\/My_City_Hotel_Mix_Restoran_peedi_carpaccio.jpg 1365w\" sizes=\"auto, (max-width: 683px) 100vw, 683px\" \/><\/a><\/figure>\n\n\n\n<figure class=\"wp-block-image size-large\"><a href=\"https:\/\/www.mycityhotel.ee\/wp-content\/uploads\/2023\/11\/My_City_Hotel_Restoran_mix.jpg\"><img loading=\"lazy\" decoding=\"async\" width=\"1024\" height=\"683\" data-id=\"246\" src=\"https:\/\/www.mycityhotel.ee\/wp-content\/uploads\/2023\/11\/My_City_Hotel_Restoran_mix-1024x683.jpg\" alt=\"\" class=\"wp-image-246\" srcset=\"https:\/\/www.mycityhotel.ee\/wp-content\/uploads\/2023\/11\/My_City_Hotel_Restoran_mix-1024x683.jpg 1024w, https:\/\/www.mycityhotel.ee\/wp-content\/uploads\/2023\/11\/My_City_Hotel_Restoran_mix-300x200.jpg 300w, https:\/\/www.mycityhotel.ee\/wp-content\/uploads\/2023\/11\/My_City_Hotel_Restoran_mix-768x512.jpg 768w, https:\/\/www.mycityhotel.ee\/wp-content\/uploads\/2023\/11\/My_City_Hotel_Restoran_mix-1536x1024.jpg 1536w, https:\/\/www.mycityhotel.ee\/wp-content\/uploads\/2023\/11\/My_City_Hotel_Restoran_mix-1568x1045.jpg 1568w, https:\/\/www.mycityhotel.ee\/wp-content\/uploads\/2023\/11\/My_City_Hotel_Restoran_mix.jpg 1920w\" sizes=\"auto, (max-width: 1024px) 100vw, 1024px\" \/><\/a><\/figure>\n<\/figure>\n<\/div>\n<\/div>\n\n\n\n<div style=\"height:20px\" aria-hidden=\"true\" class=\"wp-block-spacer\"><\/div>\n\n\n\n<div class=\"wp-block-columns alignwide is-layout-flex wp-container-core-columns-is-layout-28f84493 wp-block-columns-is-layout-flex\">\n<div class=\"wp-block-column is-vertically-aligned-center is-layout-flow wp-block-column-is-layout-flow\">\n<figure class=\"wp-block-gallery has-nested-images columns-default is-cropped wp-block-gallery-2 is-layout-flex wp-block-gallery-is-layout-flex\" style=\"padding-top:var(--wp--preset--spacing--30);padding-right:var(--wp--preset--spacing--40);padding-bottom:var(--wp--preset--spacing--30);padding-left:var(--wp--preset--spacing--40)\">\n<figure class=\"wp-block-image size-large\"><a href=\"https:\/\/www.mycityhotel.ee\/wp-content\/uploads\/2023\/11\/My_City_Hotel_kulalised-scaled.jpg\"><img loading=\"lazy\" decoding=\"async\" width=\"1024\" height=\"683\" data-id=\"113\" src=\"https:\/\/www.mycityhotel.ee\/wp-content\/uploads\/2023\/11\/My_City_Hotel_kulalised-1024x683.jpg\" alt=\"\" class=\"wp-image-113\" srcset=\"https:\/\/www.mycityhotel.ee\/wp-content\/uploads\/2023\/11\/My_City_Hotel_kulalised-1024x683.jpg 1024w, https:\/\/www.mycityhotel.ee\/wp-content\/uploads\/2023\/11\/My_City_Hotel_kulalised-300x200.jpg 300w, https:\/\/www.mycityhotel.ee\/wp-content\/uploads\/2023\/11\/My_City_Hotel_kulalised-768x512.jpg 768w, https:\/\/www.mycityhotel.ee\/wp-content\/uploads\/2023\/11\/My_City_Hotel_kulalised-1536x1024.jpg 1536w, https:\/\/www.mycityhotel.ee\/wp-content\/uploads\/2023\/11\/My_City_Hotel_kulalised-2048x1366.jpg 2048w, https:\/\/www.mycityhotel.ee\/wp-content\/uploads\/2023\/11\/My_City_Hotel_kulalised-1568x1046.jpg 1568w\" sizes=\"auto, (max-width: 1024px) 100vw, 1024px\" \/><\/a><\/figure>\n\n\n\n<figure class=\"wp-block-image size-large\"><a href=\"https:\/\/www.mycityhotel.ee\/wp-content\/uploads\/2023\/11\/My_City_Hotel_hommikusoogi_buffee-scaled.jpg\"><img loading=\"lazy\" decoding=\"async\" width=\"1024\" height=\"682\" data-id=\"98\" src=\"https:\/\/www.mycityhotel.ee\/wp-content\/uploads\/2023\/11\/My_City_Hotel_hommikusoogi_buffee-1024x682.jpg\" alt=\"\" class=\"wp-image-98\" srcset=\"https:\/\/www.mycityhotel.ee\/wp-content\/uploads\/2023\/11\/My_City_Hotel_hommikusoogi_buffee-1024x682.jpg 1024w, https:\/\/www.mycityhotel.ee\/wp-content\/uploads\/2023\/11\/My_City_Hotel_hommikusoogi_buffee-300x200.jpg 300w, https:\/\/www.mycityhotel.ee\/wp-content\/uploads\/2023\/11\/My_City_Hotel_hommikusoogi_buffee-768x512.jpg 768w, https:\/\/www.mycityhotel.ee\/wp-content\/uploads\/2023\/11\/My_City_Hotel_hommikusoogi_buffee-1536x1024.jpg 1536w, https:\/\/www.mycityhotel.ee\/wp-content\/uploads\/2023\/11\/My_City_Hotel_hommikusoogi_buffee-2048x1365.jpg 2048w, https:\/\/www.mycityhotel.ee\/wp-content\/uploads\/2023\/11\/My_City_Hotel_hommikusoogi_buffee-1568x1045.jpg 1568w\" sizes=\"auto, (max-width: 1024px) 100vw, 1024px\" \/><\/a><\/figure>\n\n\n\n<figure class=\"wp-block-image size-large\"><a href=\"https:\/\/www.mycityhotel.ee\/wp-content\/uploads\/2023\/11\/My_City_Hotel_hommikusoogi_saal-scaled.jpg\"><img loading=\"lazy\" decoding=\"async\" width=\"1024\" height=\"683\" data-id=\"101\" src=\"https:\/\/www.mycityhotel.ee\/wp-content\/uploads\/2023\/11\/My_City_Hotel_hommikusoogi_saal-1024x683.jpg\" alt=\"\" class=\"wp-image-101\" srcset=\"https:\/\/www.mycityhotel.ee\/wp-content\/uploads\/2023\/11\/My_City_Hotel_hommikusoogi_saal-1024x683.jpg 1024w, https:\/\/www.mycityhotel.ee\/wp-content\/uploads\/2023\/11\/My_City_Hotel_hommikusoogi_saal-300x200.jpg 300w, https:\/\/www.mycityhotel.ee\/wp-content\/uploads\/2023\/11\/My_City_Hotel_hommikusoogi_saal-768x512.jpg 768w, https:\/\/www.mycityhotel.ee\/wp-content\/uploads\/2023\/11\/My_City_Hotel_hommikusoogi_saal-1536x1024.jpg 1536w, https:\/\/www.mycityhotel.ee\/wp-content\/uploads\/2023\/11\/My_City_Hotel_hommikusoogi_saal-2048x1365.jpg 2048w, https:\/\/www.mycityhotel.ee\/wp-content\/uploads\/2023\/11\/My_City_Hotel_hommikusoogi_saal-1568x1045.jpg 1568w\" sizes=\"auto, (max-width: 1024px) 100vw, 1024px\" \/><\/a><\/figure>\n\n\n\n<figure class=\"wp-block-image size-large\"><a href=\"https:\/\/www.mycityhotel.ee\/wp-content\/uploads\/2023\/11\/My_City_Hotel_croissant_coffe-scaled.jpg\"><img loading=\"lazy\" decoding=\"async\" width=\"1024\" height=\"597\" data-id=\"89\" src=\"https:\/\/www.mycityhotel.ee\/wp-content\/uploads\/2023\/11\/My_City_Hotel_croissant_coffe-1024x597.jpg\" alt=\"\" class=\"wp-image-89\" srcset=\"https:\/\/www.mycityhotel.ee\/wp-content\/uploads\/2023\/11\/My_City_Hotel_croissant_coffe-1024x597.jpg 1024w, https:\/\/www.mycityhotel.ee\/wp-content\/uploads\/2023\/11\/My_City_Hotel_croissant_coffe-300x175.jpg 300w, https:\/\/www.mycityhotel.ee\/wp-content\/uploads\/2023\/11\/My_City_Hotel_croissant_coffe-768x448.jpg 768w, https:\/\/www.mycityhotel.ee\/wp-content\/uploads\/2023\/11\/My_City_Hotel_croissant_coffe-1536x896.jpg 1536w, https:\/\/www.mycityhotel.ee\/wp-content\/uploads\/2023\/11\/My_City_Hotel_croissant_coffe-2048x1195.jpg 2048w, https:\/\/www.mycityhotel.ee\/wp-content\/uploads\/2023\/11\/My_City_Hotel_croissant_coffe-1568x915.jpg 1568w\" sizes=\"auto, (max-width: 1024px) 100vw, 1024px\" \/><\/a><\/figure>\n\n\n\n<figure class=\"wp-block-image size-large\"><a href=\"https:\/\/www.mycityhotel.ee\/wp-content\/uploads\/2023\/11\/My_City_Hotel_drinks.jpg\"><img loading=\"lazy\" decoding=\"async\" width=\"1024\" height=\"678\" data-id=\"92\" src=\"https:\/\/www.mycityhotel.ee\/wp-content\/uploads\/2023\/11\/My_City_Hotel_drinks-1024x678.jpg\" alt=\"\" class=\"wp-image-92\" srcset=\"https:\/\/www.mycityhotel.ee\/wp-content\/uploads\/2023\/11\/My_City_Hotel_drinks-1024x678.jpg 1024w, https:\/\/www.mycityhotel.ee\/wp-content\/uploads\/2023\/11\/My_City_Hotel_drinks-300x199.jpg 300w, https:\/\/www.mycityhotel.ee\/wp-content\/uploads\/2023\/11\/My_City_Hotel_drinks-768x509.jpg 768w, https:\/\/www.mycityhotel.ee\/wp-content\/uploads\/2023\/11\/My_City_Hotel_drinks-1536x1018.jpg 1536w, https:\/\/www.mycityhotel.ee\/wp-content\/uploads\/2023\/11\/My_City_Hotel_drinks-1568x1039.jpg 1568w, https:\/\/www.mycityhotel.ee\/wp-content\/uploads\/2023\/11\/My_City_Hotel_drinks.jpg 1600w\" sizes=\"auto, (max-width: 1024px) 100vw, 1024px\" \/><\/a><\/figure>\n<\/figure>\n<\/div>\n\n\n\n<div class=\"wp-block-column is-vertically-aligned-center wp-block-edhotels-first-column-in-mobile is-layout-flow wp-block-column-is-layout-flow\" style=\"padding-top:var(--wp--preset--spacing--30);padding-right:var(--wp--preset--spacing--40);padding-bottom:var(--wp--preset--spacing--30);padding-left:var(--wp--preset--spacing--40)\">\n<h2 class=\"wp-block-heading has-text-align-center\"><strong>AAMIAINEN<\/strong><\/h2>\n\n\n\n<p class=\"has-text-align-center\">Aamiaista tarjoillaan maanantaista perjantaihin klo 07:00\u201310:00 ja lauantaisin, sunnuntaisin ja pyh\u00e4p\u00e4ivin\u00e4 klo 08:00\u201311:00. <\/p>\n\n\n\n<p class=\"has-text-align-center\">Jos haluat l\u00e4hte\u00e4 aiemmin, ilmoita siit\u00e4 meille edellisen\u00e4 iltana. N\u00e4in voimme valmistaa sinulle aamiaispaketin mukaan otettavaksi.<\/p>\n<\/div>\n<\/div>\n\n\n\n<div style=\"height:20px\" aria-hidden=\"true\" class=\"wp-block-spacer\"><\/div>\n","protected":false},"excerpt":{"rendered":"<p>MIX RAVINTOLA Mix Resto on erilaisten tietojen ja taitojen sulautuma, jotka tiimi on hankkinut ravintola-alalla vuosien varrella. Mix-ravintolan vieraat p\u00e4\u00e4sev\u00e4t nauttimaan tiimin asiantuntemuksesta, olipa kyseess\u00e4 sitten kansainv\u00e4linen keitti\u00f6 tai paikalliset ruoat. Ravintola kunnioittaa ruokaa ja raaka-aineita, pit\u00e4en tiivist\u00e4 yhteisty\u00f6t\u00e4 paikallisten ammattimaisien viljelij\u00f6iden, mets\u00e4st\u00e4jien ja kalastajien kanssa. Mix-ravintola on avoinna joka p\u00e4iv\u00e4 klo 12:00 &#8211; 23:00 [&hellip;]<\/p>\n","protected":false},"author":2,"featured_media":0,"parent":0,"menu_order":0,"comment_status":"closed","ping_status":"closed","template":"","meta":{"_improvement_type_select":"improve_an_existing","_thumb_yes_seoaic":false,"_frame_yes_seoaic":false,"seoaic_generate_description":"","seoaic_improve_instructions_prompt":"","seoaic_rollback_content_improvement":"","seoaic_idea_thumbnail_generator":"","thumbnail_generated":false,"thumbnail_generate_prompt":"","seoaic_article_description":"","inline_featured_image":false,"footnotes":""},"class_list":["post-588","page","type-page","status-publish","hentry"],"yoast_head":"<!-- This site is optimized with the Yoast SEO plugin v27.2 - https:\/\/yoast.com\/product\/yoast-seo-wordpress\/ -->\n<title>Ravintola - My City hotel vanalinnas<\/title>\n<meta name=\"robots\" content=\"index, follow, max-snippet:-1, max-image-preview:large, max-video-preview:-1\" \/>\n<link rel=\"canonical\" href=\"https:\/\/www.mycityhotel.ee\/fi\/ravintola\/\" \/>\n<meta property=\"og:locale\" content=\"fi_FI\" \/>\n<meta property=\"og:type\" content=\"article\" \/>\n<meta property=\"og:title\" content=\"Ravintola - My City hotel vanalinnas\" \/>\n<meta property=\"og:description\" content=\"MIX RAVINTOLA Mix Resto on erilaisten tietojen ja taitojen sulautuma, jotka tiimi on hankkinut ravintola-alalla vuosien varrella. Mix-ravintolan vieraat p\u00e4\u00e4sev\u00e4t nauttimaan tiimin asiantuntemuksesta, olipa kyseess\u00e4 sitten kansainv\u00e4linen keitti\u00f6 tai paikalliset ruoat. Ravintola kunnioittaa ruokaa ja raaka-aineita, pit\u00e4en tiivist\u00e4 yhteisty\u00f6t\u00e4 paikallisten ammattimaisien viljelij\u00f6iden, mets\u00e4st\u00e4jien ja kalastajien kanssa. Mix-ravintola on avoinna joka p\u00e4iv\u00e4 klo 12:00 &#8211; 23:00 [&hellip;]\" \/>\n<meta property=\"og:url\" content=\"https:\/\/www.mycityhotel.ee\/fi\/ravintola\/\" \/>\n<meta property=\"og:site_name\" content=\"My City hotel vanalinnas\" \/>\n<meta property=\"article:modified_time\" content=\"2024-05-03T10:01:47+00:00\" \/>\n<meta property=\"og:image\" content=\"https:\/\/www.mycityhotel.ee\/wp-content\/uploads\/2023\/11\/My_City_Hotel_Mix_Restoran_konjakis_juust.jpg\" \/>\n<meta name=\"twitter:card\" content=\"summary_large_image\" \/>\n<meta name=\"twitter:label1\" content=\"Arvioitu lukuaika\" \/>\n\t<meta name=\"twitter:data1\" content=\"3 minuuttia\" \/>\n<script type=\"application\/ld+json\" class=\"yoast-schema-graph\">{\"@context\":\"https:\/\/schema.org\",\"@graph\":[{\"@type\":\"WebPage\",\"@id\":\"https:\/\/www.mycityhotel.ee\/fi\/ravintola\/\",\"url\":\"https:\/\/www.mycityhotel.ee\/fi\/ravintola\/\",\"name\":\"Ravintola - My City hotel vanalinnas\",\"isPartOf\":{\"@id\":\"https:\/\/www.mycityhotel.ee\/#website\"},\"primaryImageOfPage\":{\"@id\":\"https:\/\/www.mycityhotel.ee\/fi\/ravintola\/#primaryimage\"},\"image\":{\"@id\":\"https:\/\/www.mycityhotel.ee\/fi\/ravintola\/#primaryimage\"},\"thumbnailUrl\":\"https:\/\/www.mycityhotel.ee\/wp-content\/uploads\/2023\/11\/My_City_Hotel_Mix_Restoran_konjakis_juust.jpg\",\"datePublished\":\"2023-11-26T07:15:14+00:00\",\"dateModified\":\"2024-05-03T10:01:47+00:00\",\"breadcrumb\":{\"@id\":\"https:\/\/www.mycityhotel.ee\/fi\/ravintola\/#breadcrumb\"},\"inLanguage\":\"fi\",\"potentialAction\":[{\"@type\":\"ReadAction\",\"target\":[\"https:\/\/www.mycityhotel.ee\/fi\/ravintola\/\"]}]},{\"@type\":\"ImageObject\",\"inLanguage\":\"fi\",\"@id\":\"https:\/\/www.mycityhotel.ee\/fi\/ravintola\/#primaryimage\",\"url\":\"https:\/\/www.mycityhotel.ee\/wp-content\/uploads\/2023\/11\/My_City_Hotel_Mix_Restoran_konjakis_juust.jpg\",\"contentUrl\":\"https:\/\/www.mycityhotel.ee\/wp-content\/uploads\/2023\/11\/My_City_Hotel_Mix_Restoran_konjakis_juust.jpg\"},{\"@type\":\"BreadcrumbList\",\"@id\":\"https:\/\/www.mycityhotel.ee\/fi\/ravintola\/#breadcrumb\",\"itemListElement\":[{\"@type\":\"ListItem\",\"position\":1,\"name\":\"Home\",\"item\":\"https:\/\/www.mycityhotel.ee\/fi\/\"},{\"@type\":\"ListItem\",\"position\":2,\"name\":\"Ravintola\"}]},{\"@type\":\"WebSite\",\"@id\":\"https:\/\/www.mycityhotel.ee\/#website\",\"url\":\"https:\/\/www.mycityhotel.ee\/\",\"name\":\"My City hotel vanalinnas\",\"description\":\"\",\"potentialAction\":[{\"@type\":\"SearchAction\",\"target\":{\"@type\":\"EntryPoint\",\"urlTemplate\":\"https:\/\/www.mycityhotel.ee\/?s={search_term_string}\"},\"query-input\":{\"@type\":\"PropertyValueSpecification\",\"valueRequired\":true,\"valueName\":\"search_term_string\"}}],\"inLanguage\":\"fi\"}]}<\/script>\n<!-- \/ Yoast SEO plugin. -->","yoast_head_json":{"title":"Ravintola - My City hotel vanalinnas","robots":{"index":"index","follow":"follow","max-snippet":"max-snippet:-1","max-image-preview":"max-image-preview:large","max-video-preview":"max-video-preview:-1"},"canonical":"https:\/\/www.mycityhotel.ee\/fi\/ravintola\/","og_locale":"fi_FI","og_type":"article","og_title":"Ravintola - My City hotel vanalinnas","og_description":"MIX RAVINTOLA Mix Resto on erilaisten tietojen ja taitojen sulautuma, jotka tiimi on hankkinut ravintola-alalla vuosien varrella. Mix-ravintolan vieraat p\u00e4\u00e4sev\u00e4t nauttimaan tiimin asiantuntemuksesta, olipa kyseess\u00e4 sitten kansainv\u00e4linen keitti\u00f6 tai paikalliset ruoat. Ravintola kunnioittaa ruokaa ja raaka-aineita, pit\u00e4en tiivist\u00e4 yhteisty\u00f6t\u00e4 paikallisten ammattimaisien viljelij\u00f6iden, mets\u00e4st\u00e4jien ja kalastajien kanssa. Mix-ravintola on avoinna joka p\u00e4iv\u00e4 klo 12:00 &#8211; 23:00 [&hellip;]","og_url":"https:\/\/www.mycityhotel.ee\/fi\/ravintola\/","og_site_name":"My City hotel vanalinnas","article_modified_time":"2024-05-03T10:01:47+00:00","og_image":[{"url":"https:\/\/www.mycityhotel.ee\/wp-content\/uploads\/2023\/11\/My_City_Hotel_Mix_Restoran_konjakis_juust.jpg","type":"","width":"","height":""}],"twitter_card":"summary_large_image","twitter_misc":{"Arvioitu lukuaika":"3 minuuttia"},"schema":{"@context":"https:\/\/schema.org","@graph":[{"@type":"WebPage","@id":"https:\/\/www.mycityhotel.ee\/fi\/ravintola\/","url":"https:\/\/www.mycityhotel.ee\/fi\/ravintola\/","name":"Ravintola - My City hotel vanalinnas","isPartOf":{"@id":"https:\/\/www.mycityhotel.ee\/#website"},"primaryImageOfPage":{"@id":"https:\/\/www.mycityhotel.ee\/fi\/ravintola\/#primaryimage"},"image":{"@id":"https:\/\/www.mycityhotel.ee\/fi\/ravintola\/#primaryimage"},"thumbnailUrl":"https:\/\/www.mycityhotel.ee\/wp-content\/uploads\/2023\/11\/My_City_Hotel_Mix_Restoran_konjakis_juust.jpg","datePublished":"2023-11-26T07:15:14+00:00","dateModified":"2024-05-03T10:01:47+00:00","breadcrumb":{"@id":"https:\/\/www.mycityhotel.ee\/fi\/ravintola\/#breadcrumb"},"inLanguage":"fi","potentialAction":[{"@type":"ReadAction","target":["https:\/\/www.mycityhotel.ee\/fi\/ravintola\/"]}]},{"@type":"ImageObject","inLanguage":"fi","@id":"https:\/\/www.mycityhotel.ee\/fi\/ravintola\/#primaryimage","url":"https:\/\/www.mycityhotel.ee\/wp-content\/uploads\/2023\/11\/My_City_Hotel_Mix_Restoran_konjakis_juust.jpg","contentUrl":"https:\/\/www.mycityhotel.ee\/wp-content\/uploads\/2023\/11\/My_City_Hotel_Mix_Restoran_konjakis_juust.jpg"},{"@type":"BreadcrumbList","@id":"https:\/\/www.mycityhotel.ee\/fi\/ravintola\/#breadcrumb","itemListElement":[{"@type":"ListItem","position":1,"name":"Home","item":"https:\/\/www.mycityhotel.ee\/fi\/"},{"@type":"ListItem","position":2,"name":"Ravintola"}]},{"@type":"WebSite","@id":"https:\/\/www.mycityhotel.ee\/#website","url":"https:\/\/www.mycityhotel.ee\/","name":"My City hotel vanalinnas","description":"","potentialAction":[{"@type":"SearchAction","target":{"@type":"EntryPoint","urlTemplate":"https:\/\/www.mycityhotel.ee\/?s={search_term_string}"},"query-input":{"@type":"PropertyValueSpecification","valueRequired":true,"valueName":"search_term_string"}}],"inLanguage":"fi"}]}},"_links":{"self":[{"href":"https:\/\/www.mycityhotel.ee\/fi\/wp-json\/wp\/v2\/pages\/588","targetHints":{"allow":["GET"]}}],"collection":[{"href":"https:\/\/www.mycityhotel.ee\/fi\/wp-json\/wp\/v2\/pages"}],"about":[{"href":"https:\/\/www.mycityhotel.ee\/fi\/wp-json\/wp\/v2\/types\/page"}],"author":[{"embeddable":true,"href":"https:\/\/www.mycityhotel.ee\/fi\/wp-json\/wp\/v2\/users\/2"}],"replies":[{"embeddable":true,"href":"https:\/\/www.mycityhotel.ee\/fi\/wp-json\/wp\/v2\/comments?post=588"}],"version-history":[{"count":6,"href":"https:\/\/www.mycityhotel.ee\/fi\/wp-json\/wp\/v2\/pages\/588\/revisions"}],"predecessor-version":[{"id":1136,"href":"https:\/\/www.mycityhotel.ee\/fi\/wp-json\/wp\/v2\/pages\/588\/revisions\/1136"}],"wp:attachment":[{"href":"https:\/\/www.mycityhotel.ee\/fi\/wp-json\/wp\/v2\/media?parent=588"}],"curies":[{"name":"wp","href":"https:\/\/api.w.org\/{rel}","templated":true}]}}