{"id":584,"date":"2023-10-31T19:13:54","date_gmt":"2023-10-31T17:13:54","guid":{"rendered":"https:\/\/www.mycityhotel.ee\/andmekaitsetingimused\/"},"modified":"2024-03-21T08:19:38","modified_gmt":"2024-03-21T06:19:38","slug":"tietosuojakaytanto","status":"publish","type":"page","link":"https:\/\/www.mycityhotel.ee\/fi\/tietosuojakaytanto\/","title":{"rendered":"Tietosuojak\u00e4yt\u00e4nt\u00f6"},"content":{"rendered":"\n<div class=\"wp-block-cover alignfull is-light\" style=\"min-height:530px;aspect-ratio:unset;\"><span aria-hidden=\"true\" class=\"wp-block-cover__background has-background-dim-30 has-background-dim\"><\/span><img loading=\"lazy\" decoding=\"async\" width=\"2560\" height=\"1703\" class=\"wp-block-cover__image-background wp-image-191\" alt=\"\" src=\"https:\/\/www.mycityhotel.ee\/wp-content\/uploads\/2023\/11\/My_City_Hotel-scaled.jpg\" style=\"object-position:53% 0%\" data-object-fit=\"cover\" data-object-position=\"53% 0%\" srcset=\"https:\/\/www.mycityhotel.ee\/wp-content\/uploads\/2023\/11\/My_City_Hotel-scaled.jpg 2560w, https:\/\/www.mycityhotel.ee\/wp-content\/uploads\/2023\/11\/My_City_Hotel-300x200.jpg 300w, https:\/\/www.mycityhotel.ee\/wp-content\/uploads\/2023\/11\/My_City_Hotel-1024x681.jpg 1024w, https:\/\/www.mycityhotel.ee\/wp-content\/uploads\/2023\/11\/My_City_Hotel-768x511.jpg 768w, https:\/\/www.mycityhotel.ee\/wp-content\/uploads\/2023\/11\/My_City_Hotel-1536x1022.jpg 1536w, https:\/\/www.mycityhotel.ee\/wp-content\/uploads\/2023\/11\/My_City_Hotel-2048x1363.jpg 2048w, https:\/\/www.mycityhotel.ee\/wp-content\/uploads\/2023\/11\/My_City_Hotel-1568x1043.jpg 1568w\" sizes=\"auto, (max-width: 2560px) 100vw, 2560px\" \/><div class=\"wp-block-cover__inner-container is-layout-flow wp-block-cover-is-layout-flow\">\n<p class=\"has-text-align-center has-white-color has-text-color has-link-color has-large-font-size wp-elements-98e5df3cd79d31a4a038ffd1c60048b3\" style=\"text-transform:uppercase\">Tietosuojak\u00e4yt\u00e4nt\u00f6<\/p>\n<\/div><\/div>\n\n\n\n<div style=\"height:20px\" aria-hidden=\"true\" class=\"wp-block-spacer\"><\/div>\n\n\n\n<div class=\"wp-block-columns alignwide is-layout-flex wp-container-core-columns-is-layout-28f84493 wp-block-columns-is-layout-flex\">\n<div class=\"wp-block-column is-layout-flow wp-block-column-is-layout-flow\">\n<h3 class=\"wp-block-heading has-text-color\" style=\"color:#e5af65\"><strong>1. Henkil\u00f6tietojen k\u00e4sittely\u00e4 koskevat periaatteet<\/strong><\/h3>\n\n\n\n<p>1.1. Henkil\u00f6tietojen k\u00e4sittely\u00e4 koskevat periaatteet ovat voimassa My City Hotel verkkosivujen K\u00e4ytt\u00e4jille.<\/p>\n\n\n\n<p>Yrityksemme k\u00e4sittelee henkil\u00f6tietojasi ainoastaan palvelujen tarjoamisen (kokoustilan, kylpyl\u00e4hoidon tai p\u00f6yd\u00e4n varaamisen tai uutiskirjeen tilaamisen) yhteydess\u00e4. Emme luovuta, myy tai julkista henkil\u00f6tietojasi kolmansille osapuolille ilman etuk\u00e4teissuostumustasi, ellei lains\u00e4\u00e4d\u00e4nt\u00f6 toisin edellyt\u00e4.<\/p>\n\n\n\n<h4 class=\"wp-block-heading has-text-color\" style=\"color:#e5af65\"><strong>Tiedonkeruu<\/strong><\/h4>\n\n\n\n<p><strong>Kokoustilan\/kylpyl\u00e4palvelun tilauslomakkeen t\u00e4ytt\u00e4misen yhteydess\u00e4 ker\u00e4tyt tiedot<\/strong><\/p>\n\n\n\n<p>1.2. Kokoustilan\/kylpyl\u00e4palvelun Tilaajan tilauslomakkeissa esitt\u00e4m\u00e4t tiedot ovat joko pakollisia tai vapaaehtoisia.<br>1.3. Pakollisina tietoina Tilaajan on esitett\u00e4v\u00e4 seuraavat tiedot:<br>1.3.1. Koko nimi \u2015 tarvitaan varauksen k\u00e4sittelemiseen ja vahvistamiseen;<br>1.3.2. S\u00e4hk\u00f6postiosoite \u2015 tarvitaan varauksen k\u00e4sittelemiseen ja vahvistamiseen sek\u00e4 tarvittaessa laskun l\u00e4hett\u00e4miseen;<br>1.3.3. Puhelinnumero \u2015 tarvitaan varauksen k\u00e4sittelemiseen ja vahvistamiseen sek\u00e4 palvelujen tarjoamiseen, mukaan lukien palveluh\u00e4iri\u00f6ist\u00e4 ilmoittamiseen.<\/p>\n\n\n\n<h4 class=\"wp-block-heading has-text-color\" style=\"color:#e5af65\"><strong>Uutiskirjeen tilauksen yhteydess\u00e4 ker\u00e4tyt tiedot<\/strong><\/h4>\n\n\n\n<p>1.4. Pakollisina tietoina Tilaajan on esitett\u00e4v\u00e4 seuraavat tiedot:<br>1.4.1. S\u00e4hk\u00f6postiosoite \u2013 tarvitaan uutiskirjeen tilaamiseen.<br>1.5. Tilaaja antaa suostumuksensa yhteystietojensa k\u00e4ytt\u00e4miseen suoramarkkinointitarkoituksessa, jolloin h\u00e4nelle l\u00e4hetet\u00e4\u00e4n markkinointiviestej\u00e4 h\u00e4nen ilmoittamiensa yhteystietojen kautta.<br>1.6. Tilaajalla on oikeus milloin tahansa peruuttaa suoramarkkinointiviestien vastaanottaminen. Ohjeet vastaanottamisen peruuttamiseen annetaan jokaisen viestin yhteydess\u00e4.<br>1.7. Vastaava asiakastietojen k\u00e4sittelij\u00e4 on My City Hotel, yrityksen rekister\u00f6intinro 11984040, Harju maakond, Tallinna linn Vana Posti 11\/13, 10146, Viro.<\/p>\n\n\n\n<h4 class=\"wp-block-heading has-text-color\" style=\"color:#e5af65\"><strong>Tietojen s\u00e4ilytt\u00e4misaika<\/strong><\/h4>\n\n\n\n<p>1.11. My City Hotel s\u00e4ilytt\u00e4\u00e4 tietoja niin kauan, kuin niit\u00e4 tarvitaan tietojen k\u00e4ytt\u00f6tarkoituksen saavuttamiseksi tai lakiin perustuvan vaateen vanhenemisaikaan saakka ja lakiin perustuvan asiakirjan s\u00e4ilytysajan p\u00e4\u00e4ttymiseen saakka (arvonlis\u00e4verolain ja kirjanpitolain mukaisesti 7 vuotta).<\/p>\n\n\n\n<h4 class=\"wp-block-heading has-text-color\" style=\"color:#e5af65\"><strong>Asiakkaan oikeudet tietojen k\u00e4ytt\u00f6\u00f6n liittyen<\/strong><\/h4>\n\n\n\n<p>1.12. Tilaajalla on oikeus saada My City Hotel tietoja itseens\u00e4 liittyvien tietojen k\u00e4yt\u00f6st\u00e4 laissa s\u00e4\u00e4detyll\u00e4 tavalla ja laajuudessa.<br>1.13. Tilaajalla on oikeus vaatia My City Hotel omien tietojen k\u00e4yt\u00f6n lopettamista ja tietojen oikaisua, sulkemista ja poistamista.<br>1.14. Tilaajalla on oikeus suostua tai kielt\u00e4\u00e4 omien tietojensa k\u00e4ytt\u00f6 suoramarkkinointi- tai mainostarkoituksessa.<br>1.15. Tilaajalla on oikeus k\u00e4\u00e4nty\u00e4 oikeuksiensa puolustamiseksi tietosuojaviraston ja tuomioistuimen puoleen.<br>1.16. Henkil\u00f6tietoihin liittyviss\u00e4 asioissa sinulla on oikeus saada lis\u00e4tietoja s\u00e4hk\u00f6postitse osoitteesta&nbsp;<a href=\"mailto:booking@mycityhotel.ee\">booking@mycityhotel.ee<\/a> tai puhelimitse numerosta +372 6220 900.<\/p>\n<\/div>\n\n\n\n<div class=\"wp-block-column is-layout-flow wp-block-column-is-layout-flow\">\n<h3 class=\"wp-block-heading has-text-color\" style=\"color:#e5af65\"><strong>2. Ev\u00e4steiden k\u00e4yt\u00f6n periaatteet<\/strong><\/h3>\n\n\n\n<h4 class=\"wp-block-heading has-text-color\" style=\"color:#e5af65\"><strong>Ev\u00e4steiden k\u00e4ytt\u00f6<\/strong><\/h4>\n\n\n\n<p>2.1. K\u00e4ytt\u00e4jien parempaa palvelua varten k\u00e4ytt\u00e4v\u00e4t My City Hotel verkkosivut ev\u00e4steit\u00e4 eli cookies\u2019eja.<br>2.2. My City Hotel kuuluvat verkkotunnukset voivat sis\u00e4lt\u00e4\u00e4 mm. elementin, joka tallentaa ev\u00e4steet kolmansien henkil\u00f6iden nimiss\u00e4.<\/p>\n\n\n\n<h4 class=\"wp-block-heading has-text-color\" style=\"color:#e5af65\"><strong>Ev\u00e4steist\u00e4 kielt\u00e4ytyminen<\/strong><\/h4>\n\n\n\n<p>2.3. K\u00e4ytt\u00e4j\u00e4ll\u00e4 on oikeus kielt\u00e4yty\u00e4 ev\u00e4steiden tallettamisesta tietokoneelleen. T\u00e4ss\u00e4 tapauksessa tilaajan on muutettava verkkoselaimensa asetuksia.<br>2.4. Erityyppiset verkkoselaimet k\u00e4ytt\u00e4v\u00e4t ev\u00e4steiden kielt\u00e4miseksi erilaisia menetelmi\u00e4. Tarkempaa tietoa l\u00f6ytyy verkkosivuilta&nbsp;<a rel=\"noreferrer noopener\" href=\"http:\/\/www.allaboutcookies.org\/\" target=\"_blank\">http:\/\/www.allaboutcookies.org\/<\/a>.<br>2.5. Ev\u00e4steet est\u00e4ess\u00e4\u00e4n on k\u00e4ytt\u00e4j\u00e4n otettava huomioon, ett\u00e4 kaikki verkkosivun toiminnot eiv\u00e4t sen j\u00e4lkeen ole v\u00e4ltt\u00e4m\u00e4tt\u00e4 en\u00e4\u00e4 k\u00e4ytt\u00e4j\u00e4n k\u00e4ytett\u00e4viss\u00e4.<\/p>\n\n\n\n<h4 class=\"wp-block-heading has-text-color\" style=\"color:#e5af65\"><strong>Mik\u00e4 on ev\u00e4ste eli cookie?<\/strong><\/h4>\n\n\n\n<p>2.6. Ev\u00e4ste on tekstitiedosto, jonka l\u00e4hett\u00e4v\u00e4t ja tallentavat k\u00e4ytt\u00e4j\u00e4n tietokoneeseen verkkosivut, joilla k\u00e4ytt\u00e4j\u00e4 vierailee. Ev\u00e4ste tallennetaan k\u00e4ytt\u00e4j\u00e4n verkkoselaimen tiedostoluetteloon. Mik\u00e4li k\u00e4ytt\u00e4j\u00e4 on k\u00e4ynyt verkkosivuilla aiemmin, lukee verkkoselain ev\u00e4stett\u00e4 ja l\u00e4hett\u00e4\u00e4 vastaavan tiedon verkkosivulle tai elementille, joka ev\u00e4steen alun perin tallensi. Lis\u00e4tietoa ev\u00e4steist\u00e4 on saatavilla verkkosivuilla&nbsp;<a rel=\"noreferrer noopener\" href=\"http:\/\/www.allaboutcookies.org\/\" target=\"_blank\">http:\/\/www.allaboutcookies.org\/<\/a>.<br>2.7. Ev\u00e4steiden avulla voidaan seurata verkkosivujen k\u00e4ytt\u00f6tilastoja, otsikoiden suosiota ja muita verkkosivulla teht\u00e4vi\u00e4 toimenpiteit\u00e4. Ev\u00e4steist\u00e4 saatavia tietoja k\u00e4ytet\u00e4\u00e4n verkkosivujen k\u00e4ytt\u00f6mukavuuden ja sis\u00e4ll\u00f6n<br>parantamiseksi.<\/p>\n\n\n\n<h4 class=\"wp-block-heading has-text-color\" style=\"color:#e5af65\"><strong>Verkkosivuilla k\u00e4ytett\u00e4vien ev\u00e4steiden tyyppej\u00e4<\/strong><\/h4>\n\n\n\n<p>2.8. Pysyv\u00e4t ev\u00e4steet ovat hyvin t\u00e4rkeit\u00e4 verkkosivuilla liikkumista ja sen toimintojen k\u00e4ytt\u00e4mist\u00e4 varten. Pysyvien ev\u00e4steiden puuttuessa ei k\u00e4ytt\u00e4j\u00e4 voisi k\u00e4ytt\u00e4\u00e4 kaikkia verkkosivujen toimintoja.<br>2.9. Istuntokohtaiset ev\u00e4steet auttavat verkkosivua muistamaan k\u00e4ytt\u00e4j\u00e4n aiemmin tekem\u00e4t valinnat (esimerkiksi k\u00e4ytt\u00e4j\u00e4nimi, kielivalinta jne.) ja tarjoamaan sen avulla tehokkaampia ja henkil\u00f6kohtaisempia toimintoja.<br>2.10. Seurantaev\u00e4steet ker\u00e4\u00e4v\u00e4t tietoja k\u00e4ytt\u00e4j\u00e4n k\u00e4ytt\u00e4ytymisest\u00e4 verkkosivulla. Seurantaev\u00e4steest\u00e4 saatavilla tiedoilla autetaan parantamaan verkkosivujen k\u00e4ytt\u00f6mukavuutta.<\/p>\n<\/div>\n<\/div>\n\n\n\n<div style=\"height:20px\" aria-hidden=\"true\" class=\"wp-block-spacer\"><\/div>\n","protected":false},"excerpt":{"rendered":"<p>1. Henkil\u00f6tietojen k\u00e4sittely\u00e4 koskevat periaatteet 1.1. Henkil\u00f6tietojen k\u00e4sittely\u00e4 koskevat periaatteet ovat voimassa My City Hotel verkkosivujen K\u00e4ytt\u00e4jille. Yrityksemme k\u00e4sittelee henkil\u00f6tietojasi ainoastaan palvelujen tarjoamisen (kokoustilan, kylpyl\u00e4hoidon tai p\u00f6yd\u00e4n varaamisen tai uutiskirjeen tilaamisen) yhteydess\u00e4. Emme luovuta, myy tai julkista henkil\u00f6tietojasi kolmansille osapuolille ilman etuk\u00e4teissuostumustasi, ellei lains\u00e4\u00e4d\u00e4nt\u00f6 toisin edellyt\u00e4. Tiedonkeruu Kokoustilan\/kylpyl\u00e4palvelun tilauslomakkeen t\u00e4ytt\u00e4misen yhteydess\u00e4 ker\u00e4tyt tiedot 1.2. Kokoustilan\/kylpyl\u00e4palvelun [&hellip;]<\/p>\n","protected":false},"author":1,"featured_media":0,"parent":0,"menu_order":0,"comment_status":"closed","ping_status":"closed","template":"","meta":{"_improvement_type_select":"improve_an_existing","_thumb_yes_seoaic":false,"_frame_yes_seoaic":false,"seoaic_generate_description":"","seoaic_improve_instructions_prompt":"","seoaic_rollback_content_improvement":"","seoaic_idea_thumbnail_generator":"","thumbnail_generated":false,"thumbnail_generate_prompt":"","seoaic_article_description":"","inline_featured_image":false,"footnotes":""},"class_list":["post-584","page","type-page","status-publish","hentry"],"yoast_head":"<!-- This site is optimized with the Yoast SEO plugin v27.2 - https:\/\/yoast.com\/product\/yoast-seo-wordpress\/ -->\n<title>Tietosuojak\u00e4yt\u00e4nt\u00f6 - My City hotel vanalinnas<\/title>\n<meta name=\"robots\" content=\"index, follow, max-snippet:-1, max-image-preview:large, max-video-preview:-1\" \/>\n<link rel=\"canonical\" href=\"https:\/\/www.mycityhotel.ee\/fi\/tietosuojakaytanto\/\" \/>\n<meta property=\"og:locale\" content=\"fi_FI\" \/>\n<meta property=\"og:type\" content=\"article\" \/>\n<meta property=\"og:title\" content=\"Tietosuojak\u00e4yt\u00e4nt\u00f6 - My City hotel vanalinnas\" \/>\n<meta property=\"og:description\" content=\"1. Henkil\u00f6tietojen k\u00e4sittely\u00e4 koskevat periaatteet 1.1. Henkil\u00f6tietojen k\u00e4sittely\u00e4 koskevat periaatteet ovat voimassa My City Hotel verkkosivujen K\u00e4ytt\u00e4jille. Yrityksemme k\u00e4sittelee henkil\u00f6tietojasi ainoastaan palvelujen tarjoamisen (kokoustilan, kylpyl\u00e4hoidon tai p\u00f6yd\u00e4n varaamisen tai uutiskirjeen tilaamisen) yhteydess\u00e4. Emme luovuta, myy tai julkista henkil\u00f6tietojasi kolmansille osapuolille ilman etuk\u00e4teissuostumustasi, ellei lains\u00e4\u00e4d\u00e4nt\u00f6 toisin edellyt\u00e4. Tiedonkeruu Kokoustilan\/kylpyl\u00e4palvelun tilauslomakkeen t\u00e4ytt\u00e4misen yhteydess\u00e4 ker\u00e4tyt tiedot 1.2. Kokoustilan\/kylpyl\u00e4palvelun [&hellip;]\" \/>\n<meta property=\"og:url\" content=\"https:\/\/www.mycityhotel.ee\/fi\/tietosuojakaytanto\/\" \/>\n<meta property=\"og:site_name\" content=\"My City hotel vanalinnas\" \/>\n<meta property=\"article:modified_time\" content=\"2024-03-21T06:19:38+00:00\" \/>\n<meta property=\"og:image\" content=\"https:\/\/www.mycityhotel.ee\/wp-content\/uploads\/2023\/11\/My_City_Hotel-scaled.jpg\" \/>\n<meta name=\"twitter:card\" content=\"summary_large_image\" \/>\n<meta name=\"twitter:label1\" content=\"Arvioitu lukuaika\" \/>\n\t<meta name=\"twitter:data1\" content=\"4 minuuttia\" \/>\n<script type=\"application\/ld+json\" class=\"yoast-schema-graph\">{\"@context\":\"https:\/\/schema.org\",\"@graph\":[{\"@type\":\"WebPage\",\"@id\":\"https:\/\/www.mycityhotel.ee\/fi\/tietosuojakaytanto\/\",\"url\":\"https:\/\/www.mycityhotel.ee\/fi\/tietosuojakaytanto\/\",\"name\":\"Tietosuojak\u00e4yt\u00e4nt\u00f6 - My City hotel vanalinnas\",\"isPartOf\":{\"@id\":\"https:\/\/www.mycityhotel.ee\/#website\"},\"primaryImageOfPage\":{\"@id\":\"https:\/\/www.mycityhotel.ee\/fi\/tietosuojakaytanto\/#primaryimage\"},\"image\":{\"@id\":\"https:\/\/www.mycityhotel.ee\/fi\/tietosuojakaytanto\/#primaryimage\"},\"thumbnailUrl\":\"https:\/\/www.mycityhotel.ee\/wp-content\/uploads\/2023\/11\/My_City_Hotel-scaled.jpg\",\"datePublished\":\"2023-10-31T17:13:54+00:00\",\"dateModified\":\"2024-03-21T06:19:38+00:00\",\"breadcrumb\":{\"@id\":\"https:\/\/www.mycityhotel.ee\/fi\/tietosuojakaytanto\/#breadcrumb\"},\"inLanguage\":\"fi\",\"potentialAction\":[{\"@type\":\"ReadAction\",\"target\":[\"https:\/\/www.mycityhotel.ee\/fi\/tietosuojakaytanto\/\"]}]},{\"@type\":\"ImageObject\",\"inLanguage\":\"fi\",\"@id\":\"https:\/\/www.mycityhotel.ee\/fi\/tietosuojakaytanto\/#primaryimage\",\"url\":\"https:\/\/www.mycityhotel.ee\/wp-content\/uploads\/2023\/11\/My_City_Hotel-scaled.jpg\",\"contentUrl\":\"https:\/\/www.mycityhotel.ee\/wp-content\/uploads\/2023\/11\/My_City_Hotel-scaled.jpg\"},{\"@type\":\"BreadcrumbList\",\"@id\":\"https:\/\/www.mycityhotel.ee\/fi\/tietosuojakaytanto\/#breadcrumb\",\"itemListElement\":[{\"@type\":\"ListItem\",\"position\":1,\"name\":\"Home\",\"item\":\"https:\/\/www.mycityhotel.ee\/fi\/\"},{\"@type\":\"ListItem\",\"position\":2,\"name\":\"Tietosuojak\u00e4yt\u00e4nt\u00f6\"}]},{\"@type\":\"WebSite\",\"@id\":\"https:\/\/www.mycityhotel.ee\/#website\",\"url\":\"https:\/\/www.mycityhotel.ee\/\",\"name\":\"My City hotel vanalinnas\",\"description\":\"\",\"potentialAction\":[{\"@type\":\"SearchAction\",\"target\":{\"@type\":\"EntryPoint\",\"urlTemplate\":\"https:\/\/www.mycityhotel.ee\/?s={search_term_string}\"},\"query-input\":{\"@type\":\"PropertyValueSpecification\",\"valueRequired\":true,\"valueName\":\"search_term_string\"}}],\"inLanguage\":\"fi\"}]}<\/script>\n<!-- \/ Yoast SEO plugin. -->","yoast_head_json":{"title":"Tietosuojak\u00e4yt\u00e4nt\u00f6 - My City hotel vanalinnas","robots":{"index":"index","follow":"follow","max-snippet":"max-snippet:-1","max-image-preview":"max-image-preview:large","max-video-preview":"max-video-preview:-1"},"canonical":"https:\/\/www.mycityhotel.ee\/fi\/tietosuojakaytanto\/","og_locale":"fi_FI","og_type":"article","og_title":"Tietosuojak\u00e4yt\u00e4nt\u00f6 - My City hotel vanalinnas","og_description":"1. Henkil\u00f6tietojen k\u00e4sittely\u00e4 koskevat periaatteet 1.1. Henkil\u00f6tietojen k\u00e4sittely\u00e4 koskevat periaatteet ovat voimassa My City Hotel verkkosivujen K\u00e4ytt\u00e4jille. Yrityksemme k\u00e4sittelee henkil\u00f6tietojasi ainoastaan palvelujen tarjoamisen (kokoustilan, kylpyl\u00e4hoidon tai p\u00f6yd\u00e4n varaamisen tai uutiskirjeen tilaamisen) yhteydess\u00e4. Emme luovuta, myy tai julkista henkil\u00f6tietojasi kolmansille osapuolille ilman etuk\u00e4teissuostumustasi, ellei lains\u00e4\u00e4d\u00e4nt\u00f6 toisin edellyt\u00e4. Tiedonkeruu Kokoustilan\/kylpyl\u00e4palvelun tilauslomakkeen t\u00e4ytt\u00e4misen yhteydess\u00e4 ker\u00e4tyt tiedot 1.2. Kokoustilan\/kylpyl\u00e4palvelun [&hellip;]","og_url":"https:\/\/www.mycityhotel.ee\/fi\/tietosuojakaytanto\/","og_site_name":"My City hotel vanalinnas","article_modified_time":"2024-03-21T06:19:38+00:00","og_image":[{"url":"https:\/\/www.mycityhotel.ee\/wp-content\/uploads\/2023\/11\/My_City_Hotel-scaled.jpg","type":"","width":"","height":""}],"twitter_card":"summary_large_image","twitter_misc":{"Arvioitu lukuaika":"4 minuuttia"},"schema":{"@context":"https:\/\/schema.org","@graph":[{"@type":"WebPage","@id":"https:\/\/www.mycityhotel.ee\/fi\/tietosuojakaytanto\/","url":"https:\/\/www.mycityhotel.ee\/fi\/tietosuojakaytanto\/","name":"Tietosuojak\u00e4yt\u00e4nt\u00f6 - My City hotel vanalinnas","isPartOf":{"@id":"https:\/\/www.mycityhotel.ee\/#website"},"primaryImageOfPage":{"@id":"https:\/\/www.mycityhotel.ee\/fi\/tietosuojakaytanto\/#primaryimage"},"image":{"@id":"https:\/\/www.mycityhotel.ee\/fi\/tietosuojakaytanto\/#primaryimage"},"thumbnailUrl":"https:\/\/www.mycityhotel.ee\/wp-content\/uploads\/2023\/11\/My_City_Hotel-scaled.jpg","datePublished":"2023-10-31T17:13:54+00:00","dateModified":"2024-03-21T06:19:38+00:00","breadcrumb":{"@id":"https:\/\/www.mycityhotel.ee\/fi\/tietosuojakaytanto\/#breadcrumb"},"inLanguage":"fi","potentialAction":[{"@type":"ReadAction","target":["https:\/\/www.mycityhotel.ee\/fi\/tietosuojakaytanto\/"]}]},{"@type":"ImageObject","inLanguage":"fi","@id":"https:\/\/www.mycityhotel.ee\/fi\/tietosuojakaytanto\/#primaryimage","url":"https:\/\/www.mycityhotel.ee\/wp-content\/uploads\/2023\/11\/My_City_Hotel-scaled.jpg","contentUrl":"https:\/\/www.mycityhotel.ee\/wp-content\/uploads\/2023\/11\/My_City_Hotel-scaled.jpg"},{"@type":"BreadcrumbList","@id":"https:\/\/www.mycityhotel.ee\/fi\/tietosuojakaytanto\/#breadcrumb","itemListElement":[{"@type":"ListItem","position":1,"name":"Home","item":"https:\/\/www.mycityhotel.ee\/fi\/"},{"@type":"ListItem","position":2,"name":"Tietosuojak\u00e4yt\u00e4nt\u00f6"}]},{"@type":"WebSite","@id":"https:\/\/www.mycityhotel.ee\/#website","url":"https:\/\/www.mycityhotel.ee\/","name":"My City hotel vanalinnas","description":"","potentialAction":[{"@type":"SearchAction","target":{"@type":"EntryPoint","urlTemplate":"https:\/\/www.mycityhotel.ee\/?s={search_term_string}"},"query-input":{"@type":"PropertyValueSpecification","valueRequired":true,"valueName":"search_term_string"}}],"inLanguage":"fi"}]}},"_links":{"self":[{"href":"https:\/\/www.mycityhotel.ee\/fi\/wp-json\/wp\/v2\/pages\/584","targetHints":{"allow":["GET"]}}],"collection":[{"href":"https:\/\/www.mycityhotel.ee\/fi\/wp-json\/wp\/v2\/pages"}],"about":[{"href":"https:\/\/www.mycityhotel.ee\/fi\/wp-json\/wp\/v2\/types\/page"}],"author":[{"embeddable":true,"href":"https:\/\/www.mycityhotel.ee\/fi\/wp-json\/wp\/v2\/users\/1"}],"replies":[{"embeddable":true,"href":"https:\/\/www.mycityhotel.ee\/fi\/wp-json\/wp\/v2\/comments?post=584"}],"version-history":[{"count":7,"href":"https:\/\/www.mycityhotel.ee\/fi\/wp-json\/wp\/v2\/pages\/584\/revisions"}],"predecessor-version":[{"id":1076,"href":"https:\/\/www.mycityhotel.ee\/fi\/wp-json\/wp\/v2\/pages\/584\/revisions\/1076"}],"wp:attachment":[{"href":"https:\/\/www.mycityhotel.ee\/fi\/wp-json\/wp\/v2\/media?parent=584"}],"curies":[{"name":"wp","href":"https:\/\/api.w.org\/{rel}","templated":true}]}}