{"id":579,"date":"2023-11-26T09:13:44","date_gmt":"2023-11-26T07:13:44","guid":{"rendered":"https:\/\/www.mycityhotel.ee\/parkimine\/"},"modified":"2025-05-30T10:43:27","modified_gmt":"2025-05-30T08:43:27","slug":"pysakointi","status":"publish","type":"page","link":"https:\/\/www.mycityhotel.ee\/fi\/pysakointi\/","title":{"rendered":"Pys\u00e4k\u00f6inti"},"content":{"rendered":"\n<div class=\"wp-block-cover alignfull\" style=\"min-height:530px;aspect-ratio:unset;\"><img loading=\"lazy\" decoding=\"async\" width=\"2560\" height=\"1865\" class=\"wp-block-cover__image-background wp-image-128\" alt=\"\" src=\"https:\/\/www.mycityhotel.ee\/wp-content\/uploads\/2023\/11\/My_City_Hotel_oosel-scaled.jpg\" style=\"object-position:51% 59%\" data-object-fit=\"cover\" data-object-position=\"51% 59%\" srcset=\"https:\/\/www.mycityhotel.ee\/wp-content\/uploads\/2023\/11\/My_City_Hotel_oosel-scaled.jpg 2560w, https:\/\/www.mycityhotel.ee\/wp-content\/uploads\/2023\/11\/My_City_Hotel_oosel-300x219.jpg 300w, https:\/\/www.mycityhotel.ee\/wp-content\/uploads\/2023\/11\/My_City_Hotel_oosel-1024x746.jpg 1024w, https:\/\/www.mycityhotel.ee\/wp-content\/uploads\/2023\/11\/My_City_Hotel_oosel-768x560.jpg 768w, https:\/\/www.mycityhotel.ee\/wp-content\/uploads\/2023\/11\/My_City_Hotel_oosel-1536x1119.jpg 1536w, https:\/\/www.mycityhotel.ee\/wp-content\/uploads\/2023\/11\/My_City_Hotel_oosel-2048x1492.jpg 2048w, https:\/\/www.mycityhotel.ee\/wp-content\/uploads\/2023\/11\/My_City_Hotel_oosel-1568x1142.jpg 1568w\" sizes=\"auto, (max-width: 2560px) 100vw, 2560px\" \/><span aria-hidden=\"true\" class=\"wp-block-cover__background has-background-dim-20 has-background-dim\"><\/span><div class=\"wp-block-cover__inner-container is-layout-flow wp-block-cover-is-layout-flow\">\n<p class=\"has-text-align-center has-large-font-size\">PYS\u00c4K\u00d6INTI<\/p>\n<\/div><\/div>\n\n\n\n<div style=\"height:20px\" aria-hidden=\"true\" class=\"wp-block-spacer\"><\/div>\n\n\n\n<div class=\"wp-block-columns alignwide are-vertically-aligned-center is-layout-flex wp-container-core-columns-is-layout-28f84493 wp-block-columns-is-layout-flex\">\n<div class=\"wp-block-column is-vertically-aligned-center is-layout-flow wp-block-column-is-layout-flow\">\n<h2 class=\"wp-block-heading has-text-align-center\" style=\"text-transform:uppercase\"><strong>Pys\u00e4k\u00f6inti<\/strong><\/h2>\n\n\n\n<p class=\"has-text-align-center\">Pys\u00e4k\u00f6intialueemme sijaitsee hotellin sis\u00e4pihalla, sis\u00e4\u00e4nk\u00e4ynti on 20 metri\u00e4 p\u00e4\u00e4ovesta Vana-Posti-kadulla mustien metallisten porttien kautta.<\/p>\n\n\n\n<p class=\"has-text-align-center\">Porttien avaamiseksi soita meille numeroon +372 6220 900 saapuessasi.<\/p>\n\n\n\n<p class=\"has-text-align-center\">Pys\u00e4k\u00f6inti sis\u00e4pihalla maksaa 20 \u20ac p\u00e4iv\u00e4ss\u00e4. Rajoitetun saatavuuden vuoksi suosittelemme varaamaan paikan etuk\u00e4teen. Lis\u00e4ksi alueellamme pys\u00e4k\u00f6iv\u00e4t vieraat voivat ladata s\u00e4hk\u00f6autojaan ilman lis\u00e4maksua.<\/p>\n<\/div>\n\n\n\n<div class=\"wp-block-column is-vertically-aligned-center is-layout-flow wp-block-column-is-layout-flow\" style=\"padding-right:var(--wp--preset--spacing--30);padding-left:var(--wp--preset--spacing--30)\">\n<figure class=\"wp-block-image size-large\"><img loading=\"lazy\" decoding=\"async\" width=\"1024\" height=\"683\" src=\"https:\/\/www.mycityhotel.ee\/wp-content\/uploads\/2025\/05\/MJ_00806-2-1024x683.jpg\" alt=\"\" class=\"wp-image-1484\" srcset=\"https:\/\/www.mycityhotel.ee\/wp-content\/uploads\/2025\/05\/MJ_00806-2-1024x683.jpg 1024w, https:\/\/www.mycityhotel.ee\/wp-content\/uploads\/2025\/05\/MJ_00806-2-300x200.jpg 300w, https:\/\/www.mycityhotel.ee\/wp-content\/uploads\/2025\/05\/MJ_00806-2-768x512.jpg 768w, https:\/\/www.mycityhotel.ee\/wp-content\/uploads\/2025\/05\/MJ_00806-2-1536x1024.jpg 1536w, https:\/\/www.mycityhotel.ee\/wp-content\/uploads\/2025\/05\/MJ_00806-2-2048x1365.jpg 2048w, https:\/\/www.mycityhotel.ee\/wp-content\/uploads\/2025\/05\/MJ_00806-2-1568x1045.jpg 1568w\" sizes=\"auto, (max-width: 1024px) 100vw, 1024px\" \/><\/figure>\n<\/div>\n<\/div>\n\n\n\n<div style=\"height:20px\" aria-hidden=\"true\" class=\"wp-block-spacer\"><\/div>\n","protected":false},"excerpt":{"rendered":"<p>Pys\u00e4k\u00f6inti Pys\u00e4k\u00f6intialueemme sijaitsee hotellin sis\u00e4pihalla, sis\u00e4\u00e4nk\u00e4ynti on 20 metri\u00e4 p\u00e4\u00e4ovesta Vana-Posti-kadulla mustien metallisten porttien kautta. Porttien avaamiseksi soita meille numeroon +372 6220 900 saapuessasi. Pys\u00e4k\u00f6inti sis\u00e4pihalla maksaa 20 \u20ac p\u00e4iv\u00e4ss\u00e4. Rajoitetun saatavuuden vuoksi suosittelemme varaamaan paikan etuk\u00e4teen. Lis\u00e4ksi alueellamme pys\u00e4k\u00f6iv\u00e4t vieraat voivat ladata s\u00e4hk\u00f6autojaan ilman lis\u00e4maksua.<\/p>\n","protected":false},"author":2,"featured_media":0,"parent":0,"menu_order":0,"comment_status":"closed","ping_status":"closed","template":"","meta":{"_improvement_type_select":"improve_an_existing","_thumb_yes_seoaic":false,"_frame_yes_seoaic":false,"seoaic_generate_description":"","seoaic_improve_instructions_prompt":"","seoaic_rollback_content_improvement":"","seoaic_idea_thumbnail_generator":"","thumbnail_generated":false,"thumbnail_generate_prompt":"","seoaic_article_description":"","inline_featured_image":false,"footnotes":""},"class_list":["post-579","page","type-page","status-publish","hentry"],"yoast_head":"<!-- This site is optimized with the Yoast SEO plugin v27.2 - https:\/\/yoast.com\/product\/yoast-seo-wordpress\/ -->\n<title>Pys\u00e4k\u00f6inti - My City hotel vanalinnas<\/title>\n<meta name=\"robots\" content=\"index, follow, max-snippet:-1, max-image-preview:large, max-video-preview:-1\" \/>\n<link rel=\"canonical\" href=\"https:\/\/www.mycityhotel.ee\/fi\/pysakointi\/\" \/>\n<meta property=\"og:locale\" content=\"fi_FI\" \/>\n<meta property=\"og:type\" content=\"article\" \/>\n<meta property=\"og:title\" content=\"Pys\u00e4k\u00f6inti - My City hotel vanalinnas\" \/>\n<meta property=\"og:description\" content=\"Pys\u00e4k\u00f6inti Pys\u00e4k\u00f6intialueemme sijaitsee hotellin sis\u00e4pihalla, sis\u00e4\u00e4nk\u00e4ynti on 20 metri\u00e4 p\u00e4\u00e4ovesta Vana-Posti-kadulla mustien metallisten porttien kautta. Porttien avaamiseksi soita meille numeroon +372 6220 900 saapuessasi. Pys\u00e4k\u00f6inti sis\u00e4pihalla maksaa 20 \u20ac p\u00e4iv\u00e4ss\u00e4. Rajoitetun saatavuuden vuoksi suosittelemme varaamaan paikan etuk\u00e4teen. Lis\u00e4ksi alueellamme pys\u00e4k\u00f6iv\u00e4t vieraat voivat ladata s\u00e4hk\u00f6autojaan ilman lis\u00e4maksua.\" \/>\n<meta property=\"og:url\" content=\"https:\/\/www.mycityhotel.ee\/fi\/pysakointi\/\" \/>\n<meta property=\"og:site_name\" content=\"My City hotel vanalinnas\" \/>\n<meta property=\"article:modified_time\" content=\"2025-05-30T08:43:27+00:00\" \/>\n<meta property=\"og:image\" content=\"https:\/\/www.mycityhotel.ee\/wp-content\/uploads\/2023\/11\/My_City_Hotel_oosel-scaled.jpg\" \/>\n\t<meta property=\"og:image:width\" content=\"2560\" \/>\n\t<meta property=\"og:image:height\" content=\"1865\" \/>\n\t<meta property=\"og:image:type\" content=\"image\/jpeg\" \/>\n<meta name=\"twitter:card\" content=\"summary_large_image\" \/>\n<meta name=\"twitter:label1\" content=\"Arvioitu lukuaika\" \/>\n\t<meta name=\"twitter:data1\" content=\"1 minuutti\" \/>\n<script type=\"application\/ld+json\" class=\"yoast-schema-graph\">{\"@context\":\"https:\/\/schema.org\",\"@graph\":[{\"@type\":\"WebPage\",\"@id\":\"https:\/\/www.mycityhotel.ee\/fi\/pysakointi\/\",\"url\":\"https:\/\/www.mycityhotel.ee\/fi\/pysakointi\/\",\"name\":\"Pys\u00e4k\u00f6inti - My City hotel vanalinnas\",\"isPartOf\":{\"@id\":\"https:\/\/www.mycityhotel.ee\/#website\"},\"primaryImageOfPage\":{\"@id\":\"https:\/\/www.mycityhotel.ee\/fi\/pysakointi\/#primaryimage\"},\"image\":{\"@id\":\"https:\/\/www.mycityhotel.ee\/fi\/pysakointi\/#primaryimage\"},\"thumbnailUrl\":\"https:\/\/www.mycityhotel.ee\/wp-content\/uploads\/2023\/11\/My_City_Hotel_oosel-scaled.jpg\",\"datePublished\":\"2023-11-26T07:13:44+00:00\",\"dateModified\":\"2025-05-30T08:43:27+00:00\",\"breadcrumb\":{\"@id\":\"https:\/\/www.mycityhotel.ee\/fi\/pysakointi\/#breadcrumb\"},\"inLanguage\":\"fi\",\"potentialAction\":[{\"@type\":\"ReadAction\",\"target\":[\"https:\/\/www.mycityhotel.ee\/fi\/pysakointi\/\"]}]},{\"@type\":\"ImageObject\",\"inLanguage\":\"fi\",\"@id\":\"https:\/\/www.mycityhotel.ee\/fi\/pysakointi\/#primaryimage\",\"url\":\"https:\/\/www.mycityhotel.ee\/wp-content\/uploads\/2023\/11\/My_City_Hotel_oosel-scaled.jpg\",\"contentUrl\":\"https:\/\/www.mycityhotel.ee\/wp-content\/uploads\/2023\/11\/My_City_Hotel_oosel-scaled.jpg\"},{\"@type\":\"BreadcrumbList\",\"@id\":\"https:\/\/www.mycityhotel.ee\/fi\/pysakointi\/#breadcrumb\",\"itemListElement\":[{\"@type\":\"ListItem\",\"position\":1,\"name\":\"Home\",\"item\":\"https:\/\/www.mycityhotel.ee\/fi\/\"},{\"@type\":\"ListItem\",\"position\":2,\"name\":\"Pys\u00e4k\u00f6inti\"}]},{\"@type\":\"WebSite\",\"@id\":\"https:\/\/www.mycityhotel.ee\/#website\",\"url\":\"https:\/\/www.mycityhotel.ee\/\",\"name\":\"My City hotel vanalinnas\",\"description\":\"\",\"potentialAction\":[{\"@type\":\"SearchAction\",\"target\":{\"@type\":\"EntryPoint\",\"urlTemplate\":\"https:\/\/www.mycityhotel.ee\/?s={search_term_string}\"},\"query-input\":{\"@type\":\"PropertyValueSpecification\",\"valueRequired\":true,\"valueName\":\"search_term_string\"}}],\"inLanguage\":\"fi\"}]}<\/script>\n<!-- \/ Yoast SEO plugin. -->","yoast_head_json":{"title":"Pys\u00e4k\u00f6inti - My City hotel vanalinnas","robots":{"index":"index","follow":"follow","max-snippet":"max-snippet:-1","max-image-preview":"max-image-preview:large","max-video-preview":"max-video-preview:-1"},"canonical":"https:\/\/www.mycityhotel.ee\/fi\/pysakointi\/","og_locale":"fi_FI","og_type":"article","og_title":"Pys\u00e4k\u00f6inti - My City hotel vanalinnas","og_description":"Pys\u00e4k\u00f6inti Pys\u00e4k\u00f6intialueemme sijaitsee hotellin sis\u00e4pihalla, sis\u00e4\u00e4nk\u00e4ynti on 20 metri\u00e4 p\u00e4\u00e4ovesta Vana-Posti-kadulla mustien metallisten porttien kautta. Porttien avaamiseksi soita meille numeroon +372 6220 900 saapuessasi. Pys\u00e4k\u00f6inti sis\u00e4pihalla maksaa 20 \u20ac p\u00e4iv\u00e4ss\u00e4. Rajoitetun saatavuuden vuoksi suosittelemme varaamaan paikan etuk\u00e4teen. Lis\u00e4ksi alueellamme pys\u00e4k\u00f6iv\u00e4t vieraat voivat ladata s\u00e4hk\u00f6autojaan ilman lis\u00e4maksua.","og_url":"https:\/\/www.mycityhotel.ee\/fi\/pysakointi\/","og_site_name":"My City hotel vanalinnas","article_modified_time":"2025-05-30T08:43:27+00:00","og_image":[{"width":2560,"height":1865,"url":"https:\/\/www.mycityhotel.ee\/wp-content\/uploads\/2023\/11\/My_City_Hotel_oosel-scaled.jpg","type":"image\/jpeg"}],"twitter_card":"summary_large_image","twitter_misc":{"Arvioitu lukuaika":"1 minuutti"},"schema":{"@context":"https:\/\/schema.org","@graph":[{"@type":"WebPage","@id":"https:\/\/www.mycityhotel.ee\/fi\/pysakointi\/","url":"https:\/\/www.mycityhotel.ee\/fi\/pysakointi\/","name":"Pys\u00e4k\u00f6inti - My City hotel vanalinnas","isPartOf":{"@id":"https:\/\/www.mycityhotel.ee\/#website"},"primaryImageOfPage":{"@id":"https:\/\/www.mycityhotel.ee\/fi\/pysakointi\/#primaryimage"},"image":{"@id":"https:\/\/www.mycityhotel.ee\/fi\/pysakointi\/#primaryimage"},"thumbnailUrl":"https:\/\/www.mycityhotel.ee\/wp-content\/uploads\/2023\/11\/My_City_Hotel_oosel-scaled.jpg","datePublished":"2023-11-26T07:13:44+00:00","dateModified":"2025-05-30T08:43:27+00:00","breadcrumb":{"@id":"https:\/\/www.mycityhotel.ee\/fi\/pysakointi\/#breadcrumb"},"inLanguage":"fi","potentialAction":[{"@type":"ReadAction","target":["https:\/\/www.mycityhotel.ee\/fi\/pysakointi\/"]}]},{"@type":"ImageObject","inLanguage":"fi","@id":"https:\/\/www.mycityhotel.ee\/fi\/pysakointi\/#primaryimage","url":"https:\/\/www.mycityhotel.ee\/wp-content\/uploads\/2023\/11\/My_City_Hotel_oosel-scaled.jpg","contentUrl":"https:\/\/www.mycityhotel.ee\/wp-content\/uploads\/2023\/11\/My_City_Hotel_oosel-scaled.jpg"},{"@type":"BreadcrumbList","@id":"https:\/\/www.mycityhotel.ee\/fi\/pysakointi\/#breadcrumb","itemListElement":[{"@type":"ListItem","position":1,"name":"Home","item":"https:\/\/www.mycityhotel.ee\/fi\/"},{"@type":"ListItem","position":2,"name":"Pys\u00e4k\u00f6inti"}]},{"@type":"WebSite","@id":"https:\/\/www.mycityhotel.ee\/#website","url":"https:\/\/www.mycityhotel.ee\/","name":"My City hotel vanalinnas","description":"","potentialAction":[{"@type":"SearchAction","target":{"@type":"EntryPoint","urlTemplate":"https:\/\/www.mycityhotel.ee\/?s={search_term_string}"},"query-input":{"@type":"PropertyValueSpecification","valueRequired":true,"valueName":"search_term_string"}}],"inLanguage":"fi"}]}},"_links":{"self":[{"href":"https:\/\/www.mycityhotel.ee\/fi\/wp-json\/wp\/v2\/pages\/579","targetHints":{"allow":["GET"]}}],"collection":[{"href":"https:\/\/www.mycityhotel.ee\/fi\/wp-json\/wp\/v2\/pages"}],"about":[{"href":"https:\/\/www.mycityhotel.ee\/fi\/wp-json\/wp\/v2\/types\/page"}],"author":[{"embeddable":true,"href":"https:\/\/www.mycityhotel.ee\/fi\/wp-json\/wp\/v2\/users\/2"}],"replies":[{"embeddable":true,"href":"https:\/\/www.mycityhotel.ee\/fi\/wp-json\/wp\/v2\/comments?post=579"}],"version-history":[{"count":7,"href":"https:\/\/www.mycityhotel.ee\/fi\/wp-json\/wp\/v2\/pages\/579\/revisions"}],"predecessor-version":[{"id":1487,"href":"https:\/\/www.mycityhotel.ee\/fi\/wp-json\/wp\/v2\/pages\/579\/revisions\/1487"}],"wp:attachment":[{"href":"https:\/\/www.mycityhotel.ee\/fi\/wp-json\/wp\/v2\/media?parent=579"}],"curies":[{"name":"wp","href":"https:\/\/api.w.org\/{rel}","templated":true}]}}