{"id":564,"date":"2023-10-31T19:17:07","date_gmt":"2023-10-31T17:17:07","guid":{"rendered":"https:\/\/www.mycityhotel.ee\/home\/"},"modified":"2025-10-03T14:18:27","modified_gmt":"2025-10-03T12:18:27","slug":"home","status":"publish","type":"page","link":"https:\/\/www.mycityhotel.ee\/fi\/","title":{"rendered":"Home"},"content":{"rendered":"\n<div class=\"wp-block-cover alignfull has-parallax\" style=\"min-height:540px;aspect-ratio:unset;\"><span aria-hidden=\"true\" class=\"wp-block-cover__background has-background-dim-0 has-background-dim\" style=\"background-color:#776064\"><\/span><div class=\"wp-block-cover__image-background wp-image-1121 has-parallax\" style=\"background-position:50% 50%;background-image:url(https:\/\/www.mycityhotel.ee\/wp-content\/uploads\/2024\/04\/Facade_night_My_City-scaled.jpg)\"><\/div><div class=\"wp-block-cover__inner-container is-layout-flow wp-block-cover-is-layout-flow\">\n<h1 class=\"wp-block-heading has-text-align-center\"><\/h1>\n<\/div><\/div>\n\n\n\t  \n\n\n<div style=\"height:20px\" aria-hidden=\"true\" class=\"wp-block-spacer\"><\/div>\n\n\n\n<div class=\"wp-block-columns is-layout-flex wp-container-core-columns-is-layout-28f84493 wp-block-columns-is-layout-flex\">\n<div class=\"wp-block-column is-layout-flow wp-block-column-is-layout-flow\">\n<h2 class=\"wp-block-heading has-text-align-center\">My City Hotel on pieni ja kaunis ensiluokkainen hotelli Tallinnassa. Hotelli sijaitsee upeassa historiallisessa rakennuksessa Tallinnan vanhassakaupungissa, ja sen sisustus yhdist\u00e4\u00e4 modernia ja klassista ylellisyytt\u00e4<\/h2>\n<\/div>\n<\/div>\n\n\n\n<div style=\"height:20px\" aria-hidden=\"true\" class=\"wp-block-spacer\"><\/div>\n\n\n\n<div class=\"wp-block-columns alignwide is-layout-flex wp-container-core-columns-is-layout-28f84493 wp-block-columns-is-layout-flex\">\n<div class=\"wp-block-column is-vertically-aligned-center is-layout-flow wp-block-column-is-layout-flow\" style=\"padding-right:var(--wp--preset--spacing--30);padding-left:var(--wp--preset--spacing--30)\">\n<figure class=\"wp-block-image size-large\"><img loading=\"lazy\" decoding=\"async\" width=\"1024\" height=\"683\" src=\"https:\/\/www.mycityhotel.ee\/wp-content\/uploads\/2023\/11\/My_City_Hotel_reception-1024x683.jpg\" alt=\"\" class=\"wp-image-131\" srcset=\"https:\/\/www.mycityhotel.ee\/wp-content\/uploads\/2023\/11\/My_City_Hotel_reception-1024x683.jpg 1024w, https:\/\/www.mycityhotel.ee\/wp-content\/uploads\/2023\/11\/My_City_Hotel_reception-300x200.jpg 300w, https:\/\/www.mycityhotel.ee\/wp-content\/uploads\/2023\/11\/My_City_Hotel_reception-768x512.jpg 768w, https:\/\/www.mycityhotel.ee\/wp-content\/uploads\/2023\/11\/My_City_Hotel_reception-1536x1024.jpg 1536w, https:\/\/www.mycityhotel.ee\/wp-content\/uploads\/2023\/11\/My_City_Hotel_reception-2048x1366.jpg 2048w, https:\/\/www.mycityhotel.ee\/wp-content\/uploads\/2023\/11\/My_City_Hotel_reception-1568x1046.jpg 1568w\" sizes=\"auto, (max-width: 1024px) 100vw, 1024px\" \/><\/figure>\n<\/div>\n\n\n\n<div class=\"wp-block-column is-vertically-aligned-center is-layout-flow wp-block-column-is-layout-flow\" style=\"padding-top:0;padding-right:var(--wp--preset--spacing--30);padding-bottom:0;padding-left:var(--wp--preset--spacing--30)\">\n<h2 class=\"wp-block-heading has-text-align-center\"><strong>HISTORIAMME<\/strong><\/h2>\n\n\n\n<p class=\"has-text-align-center\" id=\"block-bba8c333-ca34-4ef8-b412-efb3259fec98\">My City Hotel on kaunis kiinteist\u00f6 Tallinnan vanhassakaupungissa. Hotellin erinomaisen sijainnin lis\u00e4ksi asiakkaillamme on k\u00e4tev\u00e4 p\u00e4\u00e4sy eri n\u00e4ht\u00e4vyyksiin sek\u00e4 vanhassakaupungissa ett\u00e4 keskustassa.<\/p>\n\n\n\n<p class=\"has-text-align-center\">Hotellirakennus rakennettiin 1950-luvulla Neuvostoliiton miehityksen aikana. Se oli suljettu siviileilt\u00e4 useita vuosia ja palveli sotilastarkoituksiin Neuvostoliiton laivaston upseerien p\u00e4\u00e4majana. Hotellin julkisivun punainen t\u00e4hti muistuttaa tuosta ajasta.<\/p>\n\n\n\n<p class=\"has-text-align-center\">Rakennus on k\u00e4ynyt l\u00e4pi t\u00e4ydellisen remontin ja avattiin 67 huoneen hotellina vuonna 2001. Pienen\u00e4 hotellina voimme keskitty\u00e4 kuhunkin asiakkaaseen yksil\u00f6llisesti ja tehd\u00e4 heid\u00e4t tuntemaan olonsa kotoisaksi.<\/p>\n<\/div>\n<\/div>\n\n\n\n<div style=\"height:20px\" aria-hidden=\"true\" class=\"wp-block-spacer\"><\/div>\n\n\n\n<div class=\"wp-block-columns alignwide is-layout-flex wp-container-core-columns-is-layout-28f84493 wp-block-columns-is-layout-flex\">\n<div class=\"wp-block-column is-vertically-aligned-center is-layout-flow wp-block-column-is-layout-flow\">\n<h2 class=\"wp-block-heading has-text-align-center\"><strong>TAIDE HOTELLISSA<\/strong><\/h2>\n\n\n\n<p class=\"has-text-align-center\">My City Hotelin omistaja on italialainen taidekokoelman ker\u00e4\u00e4j\u00e4, joka on tuonut useita suosikkitaideteoksiaan kokoelmastaan t\u00e4nne. <\/p>\n\n\n\n<p class=\"has-text-align-center\">Voit n\u00e4hd\u00e4 kuuluisan italialaisen naturalistin <a href=\"http:\/\/www.antoniopedretti.com\/home-in-english\">Antonio Pedrettin<\/a> j\u00e4ttim\u00e4iset ja v\u00e4rikk\u00e4\u00e4t maalaukset aulassa. Erilaisia teoksia eri taiteilijoilta l\u00f6ytyy kaikista huoneista, ja yleisiss\u00e4 tiloissa voit t\u00f6rm\u00e4t\u00e4 <a href=\"https:\/\/en.wikipedia.org\/wiki\/Michele_Cascella\">Michele Cascellan<\/a>, <a href=\"https:\/\/en.wikipedia.org\/wiki\/Mimmo_Rotella\">Mimmo Rotellan<\/a>, <a href=\"https:\/\/en.wikipedia.org\/wiki\/Aligi_Sassu\">Aligi Sassun<\/a> ja <a href=\"https:\/\/en.wikipedia.org\/wiki\/Mario_Schifano\">Mario Schifanon<\/a> teoksiin.<\/p>\n<\/div>\n\n\n\n<div class=\"wp-block-column is-layout-flow wp-block-column-is-layout-flow\" style=\"padding-right:var(--wp--preset--spacing--30);padding-left:var(--wp--preset--spacing--30)\">\n<figure class=\"wp-block-image size-large\"><img loading=\"lazy\" decoding=\"async\" width=\"1024\" height=\"723\" src=\"https:\/\/www.mycityhotel.ee\/wp-content\/uploads\/2023\/12\/My_City_Hotel_Aligi_Sassu_painting-1024x723.jpg\" alt=\"\" class=\"wp-image-456\" srcset=\"https:\/\/www.mycityhotel.ee\/wp-content\/uploads\/2023\/12\/My_City_Hotel_Aligi_Sassu_painting-1024x723.jpg 1024w, https:\/\/www.mycityhotel.ee\/wp-content\/uploads\/2023\/12\/My_City_Hotel_Aligi_Sassu_painting-300x212.jpg 300w, https:\/\/www.mycityhotel.ee\/wp-content\/uploads\/2023\/12\/My_City_Hotel_Aligi_Sassu_painting-768x542.jpg 768w, https:\/\/www.mycityhotel.ee\/wp-content\/uploads\/2023\/12\/My_City_Hotel_Aligi_Sassu_painting-1536x1084.jpg 1536w, https:\/\/www.mycityhotel.ee\/wp-content\/uploads\/2023\/12\/My_City_Hotel_Aligi_Sassu_painting-2048x1445.jpg 2048w, https:\/\/www.mycityhotel.ee\/wp-content\/uploads\/2023\/12\/My_City_Hotel_Aligi_Sassu_painting-1568x1106.jpg 1568w\" sizes=\"auto, (max-width: 1024px) 100vw, 1024px\" \/><figcaption class=\"wp-element-caption\">Michele Cascella<\/figcaption><\/figure>\n<\/div>\n<\/div>\n\n\n\n<div style=\"height:20px\" aria-hidden=\"true\" class=\"wp-block-spacer\"><\/div>\n\n\n\n<div class=\"wp-block-columns alignwide is-layout-flex wp-container-core-columns-is-layout-28f84493 wp-block-columns-is-layout-flex\">\n<div class=\"wp-block-column is-layout-constrained wp-block-column-is-layout-constrained\">\n<figure class=\"wp-block-video alignwide\" style=\"padding-top:var(--wp--preset--spacing--20);padding-right:var(--wp--preset--spacing--50);padding-bottom:var(--wp--preset--spacing--20);padding-left:var(--wp--preset--spacing--50)\"><video height=\"1080\" style=\"aspect-ratio: 1920 \/ 1080;\" width=\"1920\" autoplay controls muted src=\"https:\/\/www.mycityhotel.ee\/wp-content\/uploads\/2023\/12\/My-City-Hotel-1.mp4\"><\/video><\/figure>\n<\/div>\n<\/div>\n\n\n\n<div style=\"height:20px\" aria-hidden=\"true\" class=\"wp-block-spacer\"><\/div>\n\n\n\n<div class=\"wp-block-webfactory-map alignfull google-map-edhotels\"><div class=\"wp-block-webfactory-map\"><iframe loading=\"lazy\" title=\"Map\" width=\"100%\" height=\"514px\" src=\"https:\/\/www.google.com\/maps\/embed\/v1\/place?q=My%20City%20Hotel&amp;maptype=roadmap&amp;zoom=17&amp;key=AIzaSyDu21TpfU-MuEwU2kFMxIuyEP8nP1tAj4I\" frameborder=\"0\"><\/iframe><\/div><\/div>\n","protected":false},"excerpt":{"rendered":"<p>My City Hotel on pieni ja kaunis ensiluokkainen hotelli Tallinnassa. Hotelli sijaitsee upeassa historiallisessa rakennuksessa Tallinnan vanhassakaupungissa, ja sen sisustus yhdist\u00e4\u00e4 modernia ja klassista ylellisyytt\u00e4 HISTORIAMME My City Hotel on kaunis kiinteist\u00f6 Tallinnan vanhassakaupungissa. Hotellin erinomaisen sijainnin lis\u00e4ksi asiakkaillamme on k\u00e4tev\u00e4 p\u00e4\u00e4sy eri n\u00e4ht\u00e4vyyksiin sek\u00e4 vanhassakaupungissa ett\u00e4 keskustassa. Hotellirakennus rakennettiin 1950-luvulla Neuvostoliiton miehityksen aikana. Se [&hellip;]<\/p>\n","protected":false},"author":1,"featured_media":0,"parent":0,"menu_order":0,"comment_status":"closed","ping_status":"closed","template":"","meta":{"_improvement_type_select":"improve_an_existing","_thumb_yes_seoaic":false,"_frame_yes_seoaic":false,"seoaic_generate_description":"","seoaic_improve_instructions_prompt":"","seoaic_rollback_content_improvement":"","seoaic_idea_thumbnail_generator":"","thumbnail_generated":false,"thumbnail_generate_prompt":"","seoaic_article_description":"","inline_featured_image":false,"footnotes":""},"class_list":["post-564","page","type-page","status-publish","hentry"],"yoast_head":"<!-- This site is optimized with the Yoast SEO plugin v27.2 - https:\/\/yoast.com\/product\/yoast-seo-wordpress\/ -->\n<title>My City Hotel I Tallinnan vanhassakaupungissa<\/title>\n<meta name=\"description\" content=\"My City Hotel on pieni ja kaunis ensimm\u00e4isen luokan hotelli Tallinnassa ja sijaitsee upeassa historiallisessa rakennuksessa Tallinnan vanhassakaupungissa\" \/>\n<meta name=\"robots\" content=\"index, follow, max-snippet:-1, max-image-preview:large, max-video-preview:-1\" \/>\n<link rel=\"canonical\" href=\"https:\/\/www.mycityhotel.ee\/fi\/\" \/>\n<meta property=\"og:locale\" content=\"fi_FI\" \/>\n<meta property=\"og:type\" content=\"article\" \/>\n<meta property=\"og:title\" content=\"My City Hotel I Tallinnan vanhassakaupungissa\" \/>\n<meta property=\"og:description\" content=\"My City Hotel on pieni ja kaunis ensimm\u00e4isen luokan hotelli Tallinnassa ja sijaitsee upeassa historiallisessa rakennuksessa Tallinnan vanhassakaupungissa\" \/>\n<meta property=\"og:url\" content=\"https:\/\/www.mycityhotel.ee\/fi\/\" \/>\n<meta property=\"og:site_name\" content=\"My City hotel vanalinnas\" \/>\n<meta property=\"article:modified_time\" content=\"2025-10-03T12:18:27+00:00\" \/>\n<meta property=\"og:image\" content=\"https:\/\/www.mycityhotel.ee\/wp-content\/uploads\/2023\/11\/My_City_Hotel_reception-scaled.jpg\" \/>\n\t<meta property=\"og:image:width\" content=\"2560\" \/>\n\t<meta property=\"og:image:height\" content=\"1707\" \/>\n\t<meta property=\"og:image:type\" content=\"image\/jpeg\" \/>\n<meta name=\"twitter:card\" content=\"summary_large_image\" \/>\n<meta name=\"twitter:label1\" content=\"Arvioitu lukuaika\" \/>\n\t<meta name=\"twitter:data1\" content=\"2 minuuttia\" \/>\n<script type=\"application\/ld+json\" class=\"yoast-schema-graph\">{\"@context\":\"https:\/\/schema.org\",\"@graph\":[{\"@type\":\"WebPage\",\"@id\":\"https:\/\/www.mycityhotel.ee\/fi\/\",\"url\":\"https:\/\/www.mycityhotel.ee\/fi\/\",\"name\":\"My City Hotel I Tallinnan vanhassakaupungissa\",\"isPartOf\":{\"@id\":\"https:\/\/www.mycityhotel.ee\/#website\"},\"primaryImageOfPage\":{\"@id\":\"https:\/\/www.mycityhotel.ee\/fi\/#primaryimage\"},\"image\":{\"@id\":\"https:\/\/www.mycityhotel.ee\/fi\/#primaryimage\"},\"thumbnailUrl\":\"https:\/\/www.mycityhotel.ee\/wp-content\/uploads\/2023\/11\/My_City_Hotel_reception-1024x683.jpg\",\"datePublished\":\"2023-10-31T17:17:07+00:00\",\"dateModified\":\"2025-10-03T12:18:27+00:00\",\"description\":\"My City Hotel on pieni ja kaunis ensimm\u00e4isen luokan hotelli Tallinnassa ja sijaitsee upeassa historiallisessa rakennuksessa Tallinnan vanhassakaupungissa\",\"breadcrumb\":{\"@id\":\"https:\/\/www.mycityhotel.ee\/fi\/#breadcrumb\"},\"inLanguage\":\"fi\",\"potentialAction\":[{\"@type\":\"ReadAction\",\"target\":[\"https:\/\/www.mycityhotel.ee\/fi\/\"]}]},{\"@type\":\"ImageObject\",\"inLanguage\":\"fi\",\"@id\":\"https:\/\/www.mycityhotel.ee\/fi\/#primaryimage\",\"url\":\"https:\/\/www.mycityhotel.ee\/wp-content\/uploads\/2023\/11\/My_City_Hotel_reception-1024x683.jpg\",\"contentUrl\":\"https:\/\/www.mycityhotel.ee\/wp-content\/uploads\/2023\/11\/My_City_Hotel_reception-1024x683.jpg\"},{\"@type\":\"BreadcrumbList\",\"@id\":\"https:\/\/www.mycityhotel.ee\/fi\/#breadcrumb\",\"itemListElement\":[{\"@type\":\"ListItem\",\"position\":1,\"name\":\"Home\",\"item\":\"https:\/\/www.mycityhotel.ee\/fi\/\"},{\"@type\":\"ListItem\",\"position\":2,\"name\":\"Home\"}]},{\"@type\":\"WebSite\",\"@id\":\"https:\/\/www.mycityhotel.ee\/#website\",\"url\":\"https:\/\/www.mycityhotel.ee\/\",\"name\":\"My City hotel vanalinnas\",\"description\":\"\",\"potentialAction\":[{\"@type\":\"SearchAction\",\"target\":{\"@type\":\"EntryPoint\",\"urlTemplate\":\"https:\/\/www.mycityhotel.ee\/?s={search_term_string}\"},\"query-input\":{\"@type\":\"PropertyValueSpecification\",\"valueRequired\":true,\"valueName\":\"search_term_string\"}}],\"inLanguage\":\"fi\"}]}<\/script>\n<!-- \/ Yoast SEO plugin. -->","yoast_head_json":{"title":"My City Hotel I Tallinnan vanhassakaupungissa","description":"My City Hotel on pieni ja kaunis ensimm\u00e4isen luokan hotelli Tallinnassa ja sijaitsee upeassa historiallisessa rakennuksessa Tallinnan vanhassakaupungissa","robots":{"index":"index","follow":"follow","max-snippet":"max-snippet:-1","max-image-preview":"max-image-preview:large","max-video-preview":"max-video-preview:-1"},"canonical":"https:\/\/www.mycityhotel.ee\/fi\/","og_locale":"fi_FI","og_type":"article","og_title":"My City Hotel I Tallinnan vanhassakaupungissa","og_description":"My City Hotel on pieni ja kaunis ensimm\u00e4isen luokan hotelli Tallinnassa ja sijaitsee upeassa historiallisessa rakennuksessa Tallinnan vanhassakaupungissa","og_url":"https:\/\/www.mycityhotel.ee\/fi\/","og_site_name":"My City hotel vanalinnas","article_modified_time":"2025-10-03T12:18:27+00:00","og_image":[{"width":2560,"height":1707,"url":"https:\/\/www.mycityhotel.ee\/wp-content\/uploads\/2023\/11\/My_City_Hotel_reception-scaled.jpg","type":"image\/jpeg"}],"twitter_card":"summary_large_image","twitter_misc":{"Arvioitu lukuaika":"2 minuuttia"},"schema":{"@context":"https:\/\/schema.org","@graph":[{"@type":"WebPage","@id":"https:\/\/www.mycityhotel.ee\/fi\/","url":"https:\/\/www.mycityhotel.ee\/fi\/","name":"My City Hotel I Tallinnan vanhassakaupungissa","isPartOf":{"@id":"https:\/\/www.mycityhotel.ee\/#website"},"primaryImageOfPage":{"@id":"https:\/\/www.mycityhotel.ee\/fi\/#primaryimage"},"image":{"@id":"https:\/\/www.mycityhotel.ee\/fi\/#primaryimage"},"thumbnailUrl":"https:\/\/www.mycityhotel.ee\/wp-content\/uploads\/2023\/11\/My_City_Hotel_reception-1024x683.jpg","datePublished":"2023-10-31T17:17:07+00:00","dateModified":"2025-10-03T12:18:27+00:00","description":"My City Hotel on pieni ja kaunis ensimm\u00e4isen luokan hotelli Tallinnassa ja sijaitsee upeassa historiallisessa rakennuksessa Tallinnan vanhassakaupungissa","breadcrumb":{"@id":"https:\/\/www.mycityhotel.ee\/fi\/#breadcrumb"},"inLanguage":"fi","potentialAction":[{"@type":"ReadAction","target":["https:\/\/www.mycityhotel.ee\/fi\/"]}]},{"@type":"ImageObject","inLanguage":"fi","@id":"https:\/\/www.mycityhotel.ee\/fi\/#primaryimage","url":"https:\/\/www.mycityhotel.ee\/wp-content\/uploads\/2023\/11\/My_City_Hotel_reception-1024x683.jpg","contentUrl":"https:\/\/www.mycityhotel.ee\/wp-content\/uploads\/2023\/11\/My_City_Hotel_reception-1024x683.jpg"},{"@type":"BreadcrumbList","@id":"https:\/\/www.mycityhotel.ee\/fi\/#breadcrumb","itemListElement":[{"@type":"ListItem","position":1,"name":"Home","item":"https:\/\/www.mycityhotel.ee\/fi\/"},{"@type":"ListItem","position":2,"name":"Home"}]},{"@type":"WebSite","@id":"https:\/\/www.mycityhotel.ee\/#website","url":"https:\/\/www.mycityhotel.ee\/","name":"My City hotel vanalinnas","description":"","potentialAction":[{"@type":"SearchAction","target":{"@type":"EntryPoint","urlTemplate":"https:\/\/www.mycityhotel.ee\/?s={search_term_string}"},"query-input":{"@type":"PropertyValueSpecification","valueRequired":true,"valueName":"search_term_string"}}],"inLanguage":"fi"}]}},"_links":{"self":[{"href":"https:\/\/www.mycityhotel.ee\/fi\/wp-json\/wp\/v2\/pages\/564","targetHints":{"allow":["GET"]}}],"collection":[{"href":"https:\/\/www.mycityhotel.ee\/fi\/wp-json\/wp\/v2\/pages"}],"about":[{"href":"https:\/\/www.mycityhotel.ee\/fi\/wp-json\/wp\/v2\/types\/page"}],"author":[{"embeddable":true,"href":"https:\/\/www.mycityhotel.ee\/fi\/wp-json\/wp\/v2\/users\/1"}],"replies":[{"embeddable":true,"href":"https:\/\/www.mycityhotel.ee\/fi\/wp-json\/wp\/v2\/comments?post=564"}],"version-history":[{"count":9,"href":"https:\/\/www.mycityhotel.ee\/fi\/wp-json\/wp\/v2\/pages\/564\/revisions"}],"predecessor-version":[{"id":1124,"href":"https:\/\/www.mycityhotel.ee\/fi\/wp-json\/wp\/v2\/pages\/564\/revisions\/1124"}],"wp:attachment":[{"href":"https:\/\/www.mycityhotel.ee\/fi\/wp-json\/wp\/v2\/media?parent=564"}],"curies":[{"name":"wp","href":"https:\/\/api.w.org\/{rel}","templated":true}]}}