{"id":1214,"date":"2025-01-08T11:23:34","date_gmt":"2025-01-08T09:23:34","guid":{"rendered":"https:\/\/www.mycityhotel.ee\/?page_id=1214"},"modified":"2025-01-08T12:41:11","modified_gmt":"2025-01-08T10:41:11","slug":"avustukset","status":"publish","type":"page","link":"https:\/\/www.mycityhotel.ee\/fi\/avustukset\/","title":{"rendered":"Avustukset"},"content":{"rendered":"\n<div class=\"wp-block-cover alignfull\" style=\"min-height:530px;aspect-ratio:unset;\"><span aria-hidden=\"true\" class=\"wp-block-cover__background has-background-dim-20 has-background-dim\"><\/span><img loading=\"lazy\" decoding=\"async\" width=\"2560\" height=\"1865\" class=\"wp-block-cover__image-background wp-image-128\" alt=\"\" src=\"https:\/\/www.mycityhotel.ee\/wp-content\/uploads\/2023\/11\/My_City_Hotel_oosel-scaled.jpg\" style=\"object-position:51% 59%\" data-object-fit=\"cover\" data-object-position=\"51% 59%\" srcset=\"https:\/\/www.mycityhotel.ee\/wp-content\/uploads\/2023\/11\/My_City_Hotel_oosel-scaled.jpg 2560w, https:\/\/www.mycityhotel.ee\/wp-content\/uploads\/2023\/11\/My_City_Hotel_oosel-300x219.jpg 300w, https:\/\/www.mycityhotel.ee\/wp-content\/uploads\/2023\/11\/My_City_Hotel_oosel-1024x746.jpg 1024w, https:\/\/www.mycityhotel.ee\/wp-content\/uploads\/2023\/11\/My_City_Hotel_oosel-768x560.jpg 768w, https:\/\/www.mycityhotel.ee\/wp-content\/uploads\/2023\/11\/My_City_Hotel_oosel-1536x1119.jpg 1536w, https:\/\/www.mycityhotel.ee\/wp-content\/uploads\/2023\/11\/My_City_Hotel_oosel-2048x1492.jpg 2048w, https:\/\/www.mycityhotel.ee\/wp-content\/uploads\/2023\/11\/My_City_Hotel_oosel-1568x1142.jpg 1568w\" sizes=\"auto, (max-width: 2560px) 100vw, 2560px\" \/><div class=\"wp-block-cover__inner-container is-layout-flow wp-block-cover-is-layout-flow\">\n<p class=\"has-text-align-center has-large-font-size\">AVUSTUKSET<\/p>\n<\/div><\/div>\n\n\n\n<div style=\"height:20px\" aria-hidden=\"true\" class=\"wp-block-spacer\"><\/div>\n\n\n\n<div class=\"wp-block-columns alignwide are-vertically-aligned-center is-layout-flex wp-container-core-columns-is-layout-28f84493 wp-block-columns-is-layout-flex\">\n<div class=\"wp-block-column is-vertically-aligned-center is-layout-flow wp-block-column-is-layout-flow\">\n<p class=\"has-text-align-center\">Osana digitaalisen muutoksen tukiohjelmaa kaikki My City Hotellin huoneiden ovilukot uusittiin joulukuussa 2024. Tavoitteena on poistaa fyysiset avaimet k\u00e4yt\u00f6st\u00e4 ja yhdist\u00e4\u00e4 lukitusj\u00e4rjestelm\u00e4 hotellin hallintaohjelmistoon. Tuloksena on moderni, turvallinen ja tehokas lukitusratkaisu. Tuen m\u00e4\u00e4r\u00e4 on 20 225,86 euroa.<\/p>\n<\/div>\n\n\n\n<div class=\"wp-block-column is-vertically-aligned-center is-layout-flow wp-block-column-is-layout-flow\" style=\"padding-right:var(--wp--preset--spacing--30);padding-left:var(--wp--preset--spacing--30)\">\n<figure class=\"wp-block-image aligncenter size-full is-resized\"><img loading=\"lazy\" decoding=\"async\" width=\"1022\" height=\"574\" src=\"https:\/\/www.mycityhotel.ee\/wp-content\/uploads\/2025\/01\/NextGen_Rahastanud_EL_NextGeneration_ENG_hor_color_RGB.jpg\" alt=\"\" class=\"wp-image-1233\" style=\"width:458px;height:auto\" srcset=\"https:\/\/www.mycityhotel.ee\/wp-content\/uploads\/2025\/01\/NextGen_Rahastanud_EL_NextGeneration_ENG_hor_color_RGB.jpg 1022w, https:\/\/www.mycityhotel.ee\/wp-content\/uploads\/2025\/01\/NextGen_Rahastanud_EL_NextGeneration_ENG_hor_color_RGB-300x168.jpg 300w, https:\/\/www.mycityhotel.ee\/wp-content\/uploads\/2025\/01\/NextGen_Rahastanud_EL_NextGeneration_ENG_hor_color_RGB-768x431.jpg 768w\" sizes=\"auto, (max-width: 1022px) 100vw, 1022px\" \/><\/figure>\n<\/div>\n<\/div>\n\n\n\n<div style=\"height:20px\" aria-hidden=\"true\" class=\"wp-block-spacer\"><\/div>\n","protected":false},"excerpt":{"rendered":"<p>Osana digitaalisen muutoksen tukiohjelmaa kaikki My City Hotellin huoneiden ovilukot uusittiin joulukuussa 2024. Tavoitteena on poistaa fyysiset avaimet k\u00e4yt\u00f6st\u00e4 ja yhdist\u00e4\u00e4 lukitusj\u00e4rjestelm\u00e4 hotellin hallintaohjelmistoon. Tuloksena on moderni, turvallinen ja tehokas lukitusratkaisu. Tuen m\u00e4\u00e4r\u00e4 on 20 225,86 euroa.<\/p>\n","protected":false},"author":2,"featured_media":0,"parent":0,"menu_order":0,"comment_status":"closed","ping_status":"closed","template":"","meta":{"_improvement_type_select":"improve_an_existing","_thumb_yes_seoaic":false,"_frame_yes_seoaic":false,"seoaic_generate_description":"","seoaic_improve_instructions_prompt":"","seoaic_rollback_content_improvement":"","seoaic_idea_thumbnail_generator":"","thumbnail_generated":false,"thumbnail_generate_prompt":"","seoaic_article_description":"","inline_featured_image":false,"footnotes":""},"class_list":["post-1214","page","type-page","status-publish","hentry"],"yoast_head":"<!-- This site is optimized with the Yoast SEO plugin v27.2 - https:\/\/yoast.com\/product\/yoast-seo-wordpress\/ -->\n<title>Avustukset - My City hotel vanalinnas<\/title>\n<meta name=\"robots\" content=\"index, follow, max-snippet:-1, max-image-preview:large, max-video-preview:-1\" \/>\n<link rel=\"canonical\" href=\"https:\/\/www.mycityhotel.ee\/fi\/avustukset\/\" \/>\n<meta property=\"og:locale\" content=\"fi_FI\" \/>\n<meta property=\"og:type\" content=\"article\" \/>\n<meta property=\"og:title\" content=\"Avustukset - My City hotel vanalinnas\" \/>\n<meta property=\"og:description\" content=\"Osana digitaalisen muutoksen tukiohjelmaa kaikki My City Hotellin huoneiden ovilukot uusittiin joulukuussa 2024. Tavoitteena on poistaa fyysiset avaimet k\u00e4yt\u00f6st\u00e4 ja yhdist\u00e4\u00e4 lukitusj\u00e4rjestelm\u00e4 hotellin hallintaohjelmistoon. Tuloksena on moderni, turvallinen ja tehokas lukitusratkaisu. Tuen m\u00e4\u00e4r\u00e4 on 20 225,86 euroa.\" \/>\n<meta property=\"og:url\" content=\"https:\/\/www.mycityhotel.ee\/fi\/avustukset\/\" \/>\n<meta property=\"og:site_name\" content=\"My City hotel vanalinnas\" \/>\n<meta property=\"article:modified_time\" content=\"2025-01-08T10:41:11+00:00\" \/>\n<meta property=\"og:image\" content=\"https:\/\/www.mycityhotel.ee\/wp-content\/uploads\/2023\/11\/My_City_Hotel_oosel-scaled.jpg\" \/>\n\t<meta property=\"og:image:width\" content=\"2560\" \/>\n\t<meta property=\"og:image:height\" content=\"1865\" \/>\n\t<meta property=\"og:image:type\" content=\"image\/jpeg\" \/>\n<meta name=\"twitter:card\" content=\"summary_large_image\" \/>\n<meta name=\"twitter:label1\" content=\"Arvioitu lukuaika\" \/>\n\t<meta name=\"twitter:data1\" content=\"1 minuutti\" \/>\n<script type=\"application\/ld+json\" class=\"yoast-schema-graph\">{\"@context\":\"https:\/\/schema.org\",\"@graph\":[{\"@type\":\"WebPage\",\"@id\":\"https:\/\/www.mycityhotel.ee\/fi\/avustukset\/\",\"url\":\"https:\/\/www.mycityhotel.ee\/fi\/avustukset\/\",\"name\":\"Avustukset - My City hotel vanalinnas\",\"isPartOf\":{\"@id\":\"https:\/\/www.mycityhotel.ee\/#website\"},\"primaryImageOfPage\":{\"@id\":\"https:\/\/www.mycityhotel.ee\/fi\/avustukset\/#primaryimage\"},\"image\":{\"@id\":\"https:\/\/www.mycityhotel.ee\/fi\/avustukset\/#primaryimage\"},\"thumbnailUrl\":\"https:\/\/www.mycityhotel.ee\/wp-content\/uploads\/2023\/11\/My_City_Hotel_oosel-scaled.jpg\",\"datePublished\":\"2025-01-08T09:23:34+00:00\",\"dateModified\":\"2025-01-08T10:41:11+00:00\",\"breadcrumb\":{\"@id\":\"https:\/\/www.mycityhotel.ee\/fi\/avustukset\/#breadcrumb\"},\"inLanguage\":\"fi\",\"potentialAction\":[{\"@type\":\"ReadAction\",\"target\":[\"https:\/\/www.mycityhotel.ee\/fi\/avustukset\/\"]}]},{\"@type\":\"ImageObject\",\"inLanguage\":\"fi\",\"@id\":\"https:\/\/www.mycityhotel.ee\/fi\/avustukset\/#primaryimage\",\"url\":\"https:\/\/www.mycityhotel.ee\/wp-content\/uploads\/2023\/11\/My_City_Hotel_oosel-scaled.jpg\",\"contentUrl\":\"https:\/\/www.mycityhotel.ee\/wp-content\/uploads\/2023\/11\/My_City_Hotel_oosel-scaled.jpg\"},{\"@type\":\"BreadcrumbList\",\"@id\":\"https:\/\/www.mycityhotel.ee\/fi\/avustukset\/#breadcrumb\",\"itemListElement\":[{\"@type\":\"ListItem\",\"position\":1,\"name\":\"Home\",\"item\":\"https:\/\/www.mycityhotel.ee\/fi\/\"},{\"@type\":\"ListItem\",\"position\":2,\"name\":\"Avustukset\"}]},{\"@type\":\"WebSite\",\"@id\":\"https:\/\/www.mycityhotel.ee\/#website\",\"url\":\"https:\/\/www.mycityhotel.ee\/\",\"name\":\"My City hotel vanalinnas\",\"description\":\"\",\"potentialAction\":[{\"@type\":\"SearchAction\",\"target\":{\"@type\":\"EntryPoint\",\"urlTemplate\":\"https:\/\/www.mycityhotel.ee\/?s={search_term_string}\"},\"query-input\":{\"@type\":\"PropertyValueSpecification\",\"valueRequired\":true,\"valueName\":\"search_term_string\"}}],\"inLanguage\":\"fi\"}]}<\/script>\n<!-- \/ Yoast SEO plugin. -->","yoast_head_json":{"title":"Avustukset - My City hotel vanalinnas","robots":{"index":"index","follow":"follow","max-snippet":"max-snippet:-1","max-image-preview":"max-image-preview:large","max-video-preview":"max-video-preview:-1"},"canonical":"https:\/\/www.mycityhotel.ee\/fi\/avustukset\/","og_locale":"fi_FI","og_type":"article","og_title":"Avustukset - My City hotel vanalinnas","og_description":"Osana digitaalisen muutoksen tukiohjelmaa kaikki My City Hotellin huoneiden ovilukot uusittiin joulukuussa 2024. Tavoitteena on poistaa fyysiset avaimet k\u00e4yt\u00f6st\u00e4 ja yhdist\u00e4\u00e4 lukitusj\u00e4rjestelm\u00e4 hotellin hallintaohjelmistoon. Tuloksena on moderni, turvallinen ja tehokas lukitusratkaisu. Tuen m\u00e4\u00e4r\u00e4 on 20 225,86 euroa.","og_url":"https:\/\/www.mycityhotel.ee\/fi\/avustukset\/","og_site_name":"My City hotel vanalinnas","article_modified_time":"2025-01-08T10:41:11+00:00","og_image":[{"width":2560,"height":1865,"url":"https:\/\/www.mycityhotel.ee\/wp-content\/uploads\/2023\/11\/My_City_Hotel_oosel-scaled.jpg","type":"image\/jpeg"}],"twitter_card":"summary_large_image","twitter_misc":{"Arvioitu lukuaika":"1 minuutti"},"schema":{"@context":"https:\/\/schema.org","@graph":[{"@type":"WebPage","@id":"https:\/\/www.mycityhotel.ee\/fi\/avustukset\/","url":"https:\/\/www.mycityhotel.ee\/fi\/avustukset\/","name":"Avustukset - My City hotel vanalinnas","isPartOf":{"@id":"https:\/\/www.mycityhotel.ee\/#website"},"primaryImageOfPage":{"@id":"https:\/\/www.mycityhotel.ee\/fi\/avustukset\/#primaryimage"},"image":{"@id":"https:\/\/www.mycityhotel.ee\/fi\/avustukset\/#primaryimage"},"thumbnailUrl":"https:\/\/www.mycityhotel.ee\/wp-content\/uploads\/2023\/11\/My_City_Hotel_oosel-scaled.jpg","datePublished":"2025-01-08T09:23:34+00:00","dateModified":"2025-01-08T10:41:11+00:00","breadcrumb":{"@id":"https:\/\/www.mycityhotel.ee\/fi\/avustukset\/#breadcrumb"},"inLanguage":"fi","potentialAction":[{"@type":"ReadAction","target":["https:\/\/www.mycityhotel.ee\/fi\/avustukset\/"]}]},{"@type":"ImageObject","inLanguage":"fi","@id":"https:\/\/www.mycityhotel.ee\/fi\/avustukset\/#primaryimage","url":"https:\/\/www.mycityhotel.ee\/wp-content\/uploads\/2023\/11\/My_City_Hotel_oosel-scaled.jpg","contentUrl":"https:\/\/www.mycityhotel.ee\/wp-content\/uploads\/2023\/11\/My_City_Hotel_oosel-scaled.jpg"},{"@type":"BreadcrumbList","@id":"https:\/\/www.mycityhotel.ee\/fi\/avustukset\/#breadcrumb","itemListElement":[{"@type":"ListItem","position":1,"name":"Home","item":"https:\/\/www.mycityhotel.ee\/fi\/"},{"@type":"ListItem","position":2,"name":"Avustukset"}]},{"@type":"WebSite","@id":"https:\/\/www.mycityhotel.ee\/#website","url":"https:\/\/www.mycityhotel.ee\/","name":"My City hotel vanalinnas","description":"","potentialAction":[{"@type":"SearchAction","target":{"@type":"EntryPoint","urlTemplate":"https:\/\/www.mycityhotel.ee\/?s={search_term_string}"},"query-input":{"@type":"PropertyValueSpecification","valueRequired":true,"valueName":"search_term_string"}}],"inLanguage":"fi"}]}},"_links":{"self":[{"href":"https:\/\/www.mycityhotel.ee\/fi\/wp-json\/wp\/v2\/pages\/1214","targetHints":{"allow":["GET"]}}],"collection":[{"href":"https:\/\/www.mycityhotel.ee\/fi\/wp-json\/wp\/v2\/pages"}],"about":[{"href":"https:\/\/www.mycityhotel.ee\/fi\/wp-json\/wp\/v2\/types\/page"}],"author":[{"embeddable":true,"href":"https:\/\/www.mycityhotel.ee\/fi\/wp-json\/wp\/v2\/users\/2"}],"replies":[{"embeddable":true,"href":"https:\/\/www.mycityhotel.ee\/fi\/wp-json\/wp\/v2\/comments?post=1214"}],"version-history":[{"count":3,"href":"https:\/\/www.mycityhotel.ee\/fi\/wp-json\/wp\/v2\/pages\/1214\/revisions"}],"predecessor-version":[{"id":1244,"href":"https:\/\/www.mycityhotel.ee\/fi\/wp-json\/wp\/v2\/pages\/1214\/revisions\/1244"}],"wp:attachment":[{"href":"https:\/\/www.mycityhotel.ee\/fi\/wp-json\/wp\/v2\/media?parent=1214"}],"curies":[{"name":"wp","href":"https:\/\/api.w.org\/{rel}","templated":true}]}}