{"id":1062,"date":"2024-03-21T07:57:33","date_gmt":"2024-03-21T05:57:33","guid":{"rendered":"https:\/\/www.mycityhotel.ee\/hotelli-reeglid\/"},"modified":"2024-03-21T17:46:02","modified_gmt":"2024-03-21T15:46:02","slug":"hotellin-tilausmaaraykset","status":"publish","type":"page","link":"https:\/\/www.mycityhotel.ee\/fi\/hotellin-tilausmaaraykset\/","title":{"rendered":"Hotelli tilausm\u00e4\u00e4r\u00e4ykset"},"content":{"rendered":"\n<div class=\"wp-block-cover alignfull\" style=\"min-height:530px;aspect-ratio:unset;\"><span aria-hidden=\"true\" class=\"wp-block-cover__background has-background-dim-30 has-background-dim\"><\/span><img loading=\"lazy\" decoding=\"async\" width=\"2560\" height=\"1703\" class=\"wp-block-cover__image-background wp-image-191\" alt=\"\" src=\"https:\/\/www.mycityhotel.ee\/wp-content\/uploads\/2023\/11\/My_City_Hotel-scaled.jpg\" style=\"object-position:53% 0%\" data-object-fit=\"cover\" data-object-position=\"53% 0%\" srcset=\"https:\/\/www.mycityhotel.ee\/wp-content\/uploads\/2023\/11\/My_City_Hotel-scaled.jpg 2560w, https:\/\/www.mycityhotel.ee\/wp-content\/uploads\/2023\/11\/My_City_Hotel-300x200.jpg 300w, https:\/\/www.mycityhotel.ee\/wp-content\/uploads\/2023\/11\/My_City_Hotel-1024x681.jpg 1024w, https:\/\/www.mycityhotel.ee\/wp-content\/uploads\/2023\/11\/My_City_Hotel-768x511.jpg 768w, https:\/\/www.mycityhotel.ee\/wp-content\/uploads\/2023\/11\/My_City_Hotel-1536x1022.jpg 1536w, https:\/\/www.mycityhotel.ee\/wp-content\/uploads\/2023\/11\/My_City_Hotel-2048x1363.jpg 2048w, https:\/\/www.mycityhotel.ee\/wp-content\/uploads\/2023\/11\/My_City_Hotel-1568x1043.jpg 1568w\" sizes=\"auto, (max-width: 2560px) 100vw, 2560px\" \/><div class=\"wp-block-cover__inner-container is-layout-flow wp-block-cover-is-layout-flow\">\n<p class=\"has-text-align-center has-large-font-size\" style=\"text-transform:uppercase\">HOTELLI Tilausm\u00e4\u00e4r\u00e4ykset<\/p>\n<\/div><\/div>\n\n\n\n<div style=\"height:20px\" aria-hidden=\"true\" class=\"wp-block-spacer\"><\/div>\n\n\n\n<div class=\"wp-block-columns alignfull is-layout-flex wp-container-core-columns-is-layout-28f84493 wp-block-columns-is-layout-flex\">\n<div class=\"wp-block-column is-layout-flow wp-block-column-is-layout-flow\">\n<p><strong>1. Tilausm\u00e4\u00e4r\u00e4ykset<\/strong><\/p>\n\n\n\n<p>1.1. Ehdot koskevat suhteita henkil\u00f6n (j\u00e4ljemp\u00e4n\u00e4 Asiakas) ja verkkokaupan http:\/\/www.mycityhotel.ee (j\u00e4ljemp\u00e4n\u00e4 My City Hotelin tilausymp\u00e4rist\u00f6) omistajan My City Hotel O\u00dc:n v\u00e4lill\u00e4, jotka koskevat My City Hotelin tilausymp\u00e4rist\u00f6n kautta ostettavien palvelujen ja tuotteiden oikeudellisia suhteita.<\/p>\n\n\n\n<p>1.2. N\u00e4iden ehtojen lis\u00e4ksi tilausymp\u00e4rist\u00f6n kautta tehtyj\u00e4 ostoja s\u00e4\u00e4telev\u00e4t Viron voimassa olevat lait.<\/p>\n\n\n\n<p>1.3. Tilauksia saa tehd\u00e4 v\u00e4hint\u00e4\u00e4n 18-vuotias t\u00e4ysi-ik\u00e4inen henkil\u00f6. Vaatimukset eiv\u00e4t t\u00e4ytt\u00e4v\u00e4n henkil\u00f6n tekemist\u00e4 tilauksista vastaa henkil\u00f6, jonka pankkitili\u00e4 tai luottokorttia k\u00e4ytt\u00e4en maksu on suoritettu.<\/p>\n\n\n\n<p>1.4. My City Hotel ei myy alkoholia alle 18-vuotiaille asiakkaille. Hotellilla on oikeus pyyt\u00e4\u00e4 henkil\u00f6n ik\u00e4\u00e4 todistavaa asiakirjaa ja kielt\u00e4yty\u00e4 tilauksen t\u00e4ytt\u00e4misest\u00e4 alaik\u00e4isen asiakkaan tapauksessa. Alkoholijuomia sis\u00e4lt\u00e4vien lis\u00e4tilausten ennakkomaksu palautetaan vain alkoholijuoman hinnan m\u00e4\u00e4r\u00e4\u00e4n asti henkil\u00f6lle, jonka pankkitili\u00e4 tai luottokorttia k\u00e4ytt\u00e4en maksu on suoritettu.<\/p>\n\n\n\n<p><strong>2. Hinta-info<\/strong><\/p>\n\n\n\n<p>2.1. Kaikki hinnat ovat euroissa ja sis\u00e4lt\u00e4v\u00e4t Viron voimassa olevat arvonlis\u00e4verot.<\/p>\n\n\n\n<p>2.2. Kiinnit\u00e4 huomiota valittuihin hintoihin. Ennakkomaksu on pakollinen osalle hinnoista. Mik\u00e4li peruutatte ennakkomaksua koskevan hinnan, hotellilla on oikeus olla palauttamatta ennakkomaksua.<\/p>\n\n\n\n<p>2.3. Jos huonetta ei ole maksettu etuk\u00e4teen, se on maksettava paikan p\u00e4\u00e4ll\u00e4 hotellissa paikallisessa valuutassa. Hotellissa voi maksaa: VISA, MasterCard, American Express ja Viron pankkien maksukorteilla.<\/p>\n\n\n\n<p><strong>3. Maksuehdot ennakkomaksullisille tuotteille<\/strong><\/p>\n\n\n\n<p>3.1. Asiakkaan on maksettava My City Hotelin tilausymp\u00e4rist\u00f6n kautta ostetun palvelun \/ tuotteen koko valittu hinta. Maksun suorittamalla asiakas vahvistaa, ett\u00e4 h\u00e4n on tutustunut kaikkiin palveluntarjoajan tilausymp\u00e4rist\u00f6n kautta saatavilla oleviin ehtoihin ja s\u00e4\u00e4nt\u00f6ihin ja hyv\u00e4ksyy ne.<\/p>\n<\/div>\n\n\n\n<div class=\"wp-block-column is-layout-flow wp-block-column-is-layout-flow\">\n<p>3.2. Online-tilausymp\u00e4rist\u00f6ss\u00e4 m\u00e4\u00e4ritetyn summan maksaminen Visa- ja MasterCard-debit- ja luottokorteilla. V\u00e4litt\u00f6m\u00e4sti maksun suorittamisen j\u00e4lkeen asiakkaan on napsautettava &#8221;takaisin kauppiaan luokse&#8221; maksun v\u00e4litt\u00f6m\u00e4ksi rekister\u00f6imiseksi.<\/p>\n\n\n\n<p><strong>4. Tilauksen tekeminen ja tilausvahvistus<\/strong><\/p>\n\n\n\n<p>4.1. Tilauksen tekemisen yhteydess\u00e4 anna tilausj\u00e4rjestelm\u00e4\u00e4n nimi, puhelinnumero, s\u00e4hk\u00f6postiosoite, osoite, saapumisp\u00e4iv\u00e4 ja \u00f6iden m\u00e4\u00e4r\u00e4. Tilauksesi vahvistetaan, kun olet saanut tilausvahvistuksen.<\/p>\n\n\n\n<p><strong>5. Tilauksen peruuttaminen, muuttaminen ja rahan palauttaminen<\/strong><\/p>\n\n\n\n<p>5.1. Majoituksen ja majoituspakettien ostossa majoitukselle ja paketeille sovelletaan erilaisia peruutus- ja rahojen palautusehtoja. Majoituksen ja majoituspakettien muuttamista, peruuttamista ja rahan palautusta koskevat ehdot on esitetty valitun majoituksen ja \/ tai majoituspaketin hintaluettelossa varaamiskeskuksessa. Jos peruutat ennakkomaksua koskevan hinnan, hotellilla on oikeus olla palauttamatta ennakkomaksua.<\/p>\n\n\n\n<p>5.2. Majoituksen ja \/ tai majoituspaketin voimassaoloaika on majoituksen ja \/ tai majoituspaketin alkamis- ja p\u00e4\u00e4ttymisp\u00e4iv\u00e4. Voimassaoloajan ylittyess\u00e4 majoitus ja \/ tai majoituspaketti muuttuu mit\u00e4tt\u00f6m\u00e4ksi eik\u00e4 sit\u00e4 palauteta tai vaihdeta.<\/p>\n\n\n\n<p>5.3. Uuden tilauksen tekemiseksi tee uusi tilaus ja peruuta edellinen. Uuden tilauksen tekemisen yhteydess\u00e4 hinta ja saatavilla oleva huonekategoria voivat muuttua.<\/p>\n\n\n\n<p>5.4. Jos peruutat ennakkomaksua koskevan hinnan, hotellilla on oikeus olla palauttamatta ennakkomaksua.<\/p>\n\n\n\n<p>5.5. My\u00f6h\u00e4isest\u00e4 peruutuksesta hotelli voi m\u00e4\u00e4r\u00e4t\u00e4 rangaistuksen ensimm\u00e4isen y\u00f6n hinnassa. Jos hotelli on tehnyt kuluja, jotka liittyv\u00e4t tilaukseesi, ne on korvattava asiakkaan toimesta.<\/p>\n\n\n\n<p>5.6. Saamassasi vahvistavassa s\u00e4hk\u00f6postissa on ilmoitettu tarkka peruutusm\u00e4\u00e4r\u00e4aika, jonka puitteissa kaikki peruutukset on teht\u00e4v\u00e4 v\u00e4ltt\u00e4\u00e4ksesi peruutusmaksut. Lue huolellisesti hotellin s\u00e4\u00e4nn\u00f6t.<\/p>\n<\/div>\n<\/div>\n\n\n\n<div style=\"height:20px\" aria-hidden=\"true\" class=\"wp-block-spacer\"><\/div>\n","protected":false},"excerpt":{"rendered":"<p>1. Tilausm\u00e4\u00e4r\u00e4ykset 1.1. Ehdot koskevat suhteita henkil\u00f6n (j\u00e4ljemp\u00e4n\u00e4 Asiakas) ja verkkokaupan http:\/\/www.mycityhotel.ee (j\u00e4ljemp\u00e4n\u00e4 My City Hotelin tilausymp\u00e4rist\u00f6) omistajan My City Hotel O\u00dc:n v\u00e4lill\u00e4, jotka koskevat My City Hotelin tilausymp\u00e4rist\u00f6n kautta ostettavien palvelujen ja tuotteiden oikeudellisia suhteita. 1.2. N\u00e4iden ehtojen lis\u00e4ksi tilausymp\u00e4rist\u00f6n kautta tehtyj\u00e4 ostoja s\u00e4\u00e4telev\u00e4t Viron voimassa olevat lait. 1.3. Tilauksia saa tehd\u00e4 v\u00e4hint\u00e4\u00e4n 18-vuotias [&hellip;]<\/p>\n","protected":false},"author":2,"featured_media":0,"parent":0,"menu_order":0,"comment_status":"closed","ping_status":"closed","template":"","meta":{"_improvement_type_select":"improve_an_existing","_thumb_yes_seoaic":false,"_frame_yes_seoaic":false,"seoaic_generate_description":"","seoaic_improve_instructions_prompt":"","seoaic_rollback_content_improvement":"","seoaic_idea_thumbnail_generator":"","thumbnail_generated":false,"thumbnail_generate_prompt":"","seoaic_article_description":"","inline_featured_image":false,"footnotes":""},"class_list":["post-1062","page","type-page","status-publish","hentry"],"yoast_head":"<!-- This site is optimized with the Yoast SEO plugin v27.2 - https:\/\/yoast.com\/product\/yoast-seo-wordpress\/ -->\n<title>Hotelli tilausm\u00e4\u00e4r\u00e4ykset - My City hotel vanalinnas<\/title>\n<meta name=\"robots\" content=\"index, follow, max-snippet:-1, max-image-preview:large, max-video-preview:-1\" \/>\n<link rel=\"canonical\" href=\"https:\/\/www.mycityhotel.ee\/fi\/hotellin-tilausmaaraykset\/\" \/>\n<meta property=\"og:locale\" content=\"fi_FI\" \/>\n<meta property=\"og:type\" content=\"article\" \/>\n<meta property=\"og:title\" content=\"Hotelli tilausm\u00e4\u00e4r\u00e4ykset - My City hotel vanalinnas\" \/>\n<meta property=\"og:description\" content=\"1. Tilausm\u00e4\u00e4r\u00e4ykset 1.1. Ehdot koskevat suhteita henkil\u00f6n (j\u00e4ljemp\u00e4n\u00e4 Asiakas) ja verkkokaupan http:\/\/www.mycityhotel.ee (j\u00e4ljemp\u00e4n\u00e4 My City Hotelin tilausymp\u00e4rist\u00f6) omistajan My City Hotel O\u00dc:n v\u00e4lill\u00e4, jotka koskevat My City Hotelin tilausymp\u00e4rist\u00f6n kautta ostettavien palvelujen ja tuotteiden oikeudellisia suhteita. 1.2. N\u00e4iden ehtojen lis\u00e4ksi tilausymp\u00e4rist\u00f6n kautta tehtyj\u00e4 ostoja s\u00e4\u00e4telev\u00e4t Viron voimassa olevat lait. 1.3. Tilauksia saa tehd\u00e4 v\u00e4hint\u00e4\u00e4n 18-vuotias [&hellip;]\" \/>\n<meta property=\"og:url\" content=\"https:\/\/www.mycityhotel.ee\/fi\/hotellin-tilausmaaraykset\/\" \/>\n<meta property=\"og:site_name\" content=\"My City hotel vanalinnas\" \/>\n<meta property=\"article:modified_time\" content=\"2024-03-21T15:46:02+00:00\" \/>\n<meta property=\"og:image\" content=\"https:\/\/www.mycityhotel.ee\/wp-content\/uploads\/2023\/11\/My_City_Hotel-scaled.jpg\" \/>\n<meta name=\"twitter:card\" content=\"summary_large_image\" \/>\n<meta name=\"twitter:label1\" content=\"Arvioitu lukuaika\" \/>\n\t<meta name=\"twitter:data1\" content=\"3 minuuttia\" \/>\n<script type=\"application\/ld+json\" class=\"yoast-schema-graph\">{\"@context\":\"https:\/\/schema.org\",\"@graph\":[{\"@type\":\"WebPage\",\"@id\":\"https:\/\/www.mycityhotel.ee\/fi\/hotellin-tilausmaaraykset\/\",\"url\":\"https:\/\/www.mycityhotel.ee\/fi\/hotellin-tilausmaaraykset\/\",\"name\":\"Hotelli tilausm\u00e4\u00e4r\u00e4ykset - My City hotel vanalinnas\",\"isPartOf\":{\"@id\":\"https:\/\/www.mycityhotel.ee\/#website\"},\"primaryImageOfPage\":{\"@id\":\"https:\/\/www.mycityhotel.ee\/fi\/hotellin-tilausmaaraykset\/#primaryimage\"},\"image\":{\"@id\":\"https:\/\/www.mycityhotel.ee\/fi\/hotellin-tilausmaaraykset\/#primaryimage\"},\"thumbnailUrl\":\"https:\/\/www.mycityhotel.ee\/wp-content\/uploads\/2023\/11\/My_City_Hotel-scaled.jpg\",\"datePublished\":\"2024-03-21T05:57:33+00:00\",\"dateModified\":\"2024-03-21T15:46:02+00:00\",\"breadcrumb\":{\"@id\":\"https:\/\/www.mycityhotel.ee\/fi\/hotellin-tilausmaaraykset\/#breadcrumb\"},\"inLanguage\":\"fi\",\"potentialAction\":[{\"@type\":\"ReadAction\",\"target\":[\"https:\/\/www.mycityhotel.ee\/fi\/hotellin-tilausmaaraykset\/\"]}]},{\"@type\":\"ImageObject\",\"inLanguage\":\"fi\",\"@id\":\"https:\/\/www.mycityhotel.ee\/fi\/hotellin-tilausmaaraykset\/#primaryimage\",\"url\":\"https:\/\/www.mycityhotel.ee\/wp-content\/uploads\/2023\/11\/My_City_Hotel-scaled.jpg\",\"contentUrl\":\"https:\/\/www.mycityhotel.ee\/wp-content\/uploads\/2023\/11\/My_City_Hotel-scaled.jpg\"},{\"@type\":\"BreadcrumbList\",\"@id\":\"https:\/\/www.mycityhotel.ee\/fi\/hotellin-tilausmaaraykset\/#breadcrumb\",\"itemListElement\":[{\"@type\":\"ListItem\",\"position\":1,\"name\":\"Home\",\"item\":\"https:\/\/www.mycityhotel.ee\/fi\/\"},{\"@type\":\"ListItem\",\"position\":2,\"name\":\"Hotelli tilausm\u00e4\u00e4r\u00e4ykset\"}]},{\"@type\":\"WebSite\",\"@id\":\"https:\/\/www.mycityhotel.ee\/#website\",\"url\":\"https:\/\/www.mycityhotel.ee\/\",\"name\":\"My City hotel vanalinnas\",\"description\":\"\",\"potentialAction\":[{\"@type\":\"SearchAction\",\"target\":{\"@type\":\"EntryPoint\",\"urlTemplate\":\"https:\/\/www.mycityhotel.ee\/?s={search_term_string}\"},\"query-input\":{\"@type\":\"PropertyValueSpecification\",\"valueRequired\":true,\"valueName\":\"search_term_string\"}}],\"inLanguage\":\"fi\"}]}<\/script>\n<!-- \/ Yoast SEO plugin. -->","yoast_head_json":{"title":"Hotelli tilausm\u00e4\u00e4r\u00e4ykset - My City hotel vanalinnas","robots":{"index":"index","follow":"follow","max-snippet":"max-snippet:-1","max-image-preview":"max-image-preview:large","max-video-preview":"max-video-preview:-1"},"canonical":"https:\/\/www.mycityhotel.ee\/fi\/hotellin-tilausmaaraykset\/","og_locale":"fi_FI","og_type":"article","og_title":"Hotelli tilausm\u00e4\u00e4r\u00e4ykset - My City hotel vanalinnas","og_description":"1. Tilausm\u00e4\u00e4r\u00e4ykset 1.1. Ehdot koskevat suhteita henkil\u00f6n (j\u00e4ljemp\u00e4n\u00e4 Asiakas) ja verkkokaupan http:\/\/www.mycityhotel.ee (j\u00e4ljemp\u00e4n\u00e4 My City Hotelin tilausymp\u00e4rist\u00f6) omistajan My City Hotel O\u00dc:n v\u00e4lill\u00e4, jotka koskevat My City Hotelin tilausymp\u00e4rist\u00f6n kautta ostettavien palvelujen ja tuotteiden oikeudellisia suhteita. 1.2. N\u00e4iden ehtojen lis\u00e4ksi tilausymp\u00e4rist\u00f6n kautta tehtyj\u00e4 ostoja s\u00e4\u00e4telev\u00e4t Viron voimassa olevat lait. 1.3. Tilauksia saa tehd\u00e4 v\u00e4hint\u00e4\u00e4n 18-vuotias [&hellip;]","og_url":"https:\/\/www.mycityhotel.ee\/fi\/hotellin-tilausmaaraykset\/","og_site_name":"My City hotel vanalinnas","article_modified_time":"2024-03-21T15:46:02+00:00","og_image":[{"url":"https:\/\/www.mycityhotel.ee\/wp-content\/uploads\/2023\/11\/My_City_Hotel-scaled.jpg","type":"","width":"","height":""}],"twitter_card":"summary_large_image","twitter_misc":{"Arvioitu lukuaika":"3 minuuttia"},"schema":{"@context":"https:\/\/schema.org","@graph":[{"@type":"WebPage","@id":"https:\/\/www.mycityhotel.ee\/fi\/hotellin-tilausmaaraykset\/","url":"https:\/\/www.mycityhotel.ee\/fi\/hotellin-tilausmaaraykset\/","name":"Hotelli tilausm\u00e4\u00e4r\u00e4ykset - My City hotel vanalinnas","isPartOf":{"@id":"https:\/\/www.mycityhotel.ee\/#website"},"primaryImageOfPage":{"@id":"https:\/\/www.mycityhotel.ee\/fi\/hotellin-tilausmaaraykset\/#primaryimage"},"image":{"@id":"https:\/\/www.mycityhotel.ee\/fi\/hotellin-tilausmaaraykset\/#primaryimage"},"thumbnailUrl":"https:\/\/www.mycityhotel.ee\/wp-content\/uploads\/2023\/11\/My_City_Hotel-scaled.jpg","datePublished":"2024-03-21T05:57:33+00:00","dateModified":"2024-03-21T15:46:02+00:00","breadcrumb":{"@id":"https:\/\/www.mycityhotel.ee\/fi\/hotellin-tilausmaaraykset\/#breadcrumb"},"inLanguage":"fi","potentialAction":[{"@type":"ReadAction","target":["https:\/\/www.mycityhotel.ee\/fi\/hotellin-tilausmaaraykset\/"]}]},{"@type":"ImageObject","inLanguage":"fi","@id":"https:\/\/www.mycityhotel.ee\/fi\/hotellin-tilausmaaraykset\/#primaryimage","url":"https:\/\/www.mycityhotel.ee\/wp-content\/uploads\/2023\/11\/My_City_Hotel-scaled.jpg","contentUrl":"https:\/\/www.mycityhotel.ee\/wp-content\/uploads\/2023\/11\/My_City_Hotel-scaled.jpg"},{"@type":"BreadcrumbList","@id":"https:\/\/www.mycityhotel.ee\/fi\/hotellin-tilausmaaraykset\/#breadcrumb","itemListElement":[{"@type":"ListItem","position":1,"name":"Home","item":"https:\/\/www.mycityhotel.ee\/fi\/"},{"@type":"ListItem","position":2,"name":"Hotelli tilausm\u00e4\u00e4r\u00e4ykset"}]},{"@type":"WebSite","@id":"https:\/\/www.mycityhotel.ee\/#website","url":"https:\/\/www.mycityhotel.ee\/","name":"My City hotel vanalinnas","description":"","potentialAction":[{"@type":"SearchAction","target":{"@type":"EntryPoint","urlTemplate":"https:\/\/www.mycityhotel.ee\/?s={search_term_string}"},"query-input":{"@type":"PropertyValueSpecification","valueRequired":true,"valueName":"search_term_string"}}],"inLanguage":"fi"}]}},"_links":{"self":[{"href":"https:\/\/www.mycityhotel.ee\/fi\/wp-json\/wp\/v2\/pages\/1062","targetHints":{"allow":["GET"]}}],"collection":[{"href":"https:\/\/www.mycityhotel.ee\/fi\/wp-json\/wp\/v2\/pages"}],"about":[{"href":"https:\/\/www.mycityhotel.ee\/fi\/wp-json\/wp\/v2\/types\/page"}],"author":[{"embeddable":true,"href":"https:\/\/www.mycityhotel.ee\/fi\/wp-json\/wp\/v2\/users\/2"}],"replies":[{"embeddable":true,"href":"https:\/\/www.mycityhotel.ee\/fi\/wp-json\/wp\/v2\/comments?post=1062"}],"version-history":[{"count":2,"href":"https:\/\/www.mycityhotel.ee\/fi\/wp-json\/wp\/v2\/pages\/1062\/revisions"}],"predecessor-version":[{"id":1068,"href":"https:\/\/www.mycityhotel.ee\/fi\/wp-json\/wp\/v2\/pages\/1062\/revisions\/1068"}],"wp:attachment":[{"href":"https:\/\/www.mycityhotel.ee\/fi\/wp-json\/wp\/v2\/media?parent=1062"}],"curies":[{"name":"wp","href":"https:\/\/api.w.org\/{rel}","templated":true}]}}