{"id":560,"date":"2023-11-26T09:15:48","date_gmt":"2023-11-26T07:15:48","guid":{"rendered":"https:\/\/www.mycityhotel.ee\/hea-teada\/"},"modified":"2025-10-10T14:54:10","modified_gmt":"2025-10-10T12:54:10","slug":"good-to-know","status":"publish","type":"page","link":"https:\/\/www.mycityhotel.ee\/en\/good-to-know\/","title":{"rendered":"Good to know"},"content":{"rendered":"\n<div class=\"wp-block-cover alignfull is-light\" style=\"min-height:530px;aspect-ratio:unset;\"><img loading=\"lazy\" decoding=\"async\" width=\"2560\" height=\"1700\" class=\"wp-block-cover__image-background wp-image-188\" alt=\"\" src=\"https:\/\/www.mycityhotel.ee\/wp-content\/uploads\/2023\/11\/My_City_Hotel_withcompliments-scaled.jpg\" data-object-fit=\"cover\" srcset=\"https:\/\/www.mycityhotel.ee\/wp-content\/uploads\/2023\/11\/My_City_Hotel_withcompliments-scaled.jpg 2560w, https:\/\/www.mycityhotel.ee\/wp-content\/uploads\/2023\/11\/My_City_Hotel_withcompliments-300x199.jpg 300w, https:\/\/www.mycityhotel.ee\/wp-content\/uploads\/2023\/11\/My_City_Hotel_withcompliments-1024x680.jpg 1024w, https:\/\/www.mycityhotel.ee\/wp-content\/uploads\/2023\/11\/My_City_Hotel_withcompliments-768x510.jpg 768w, https:\/\/www.mycityhotel.ee\/wp-content\/uploads\/2023\/11\/My_City_Hotel_withcompliments-1536x1020.jpg 1536w, https:\/\/www.mycityhotel.ee\/wp-content\/uploads\/2023\/11\/My_City_Hotel_withcompliments-2048x1360.jpg 2048w, https:\/\/www.mycityhotel.ee\/wp-content\/uploads\/2023\/11\/My_City_Hotel_withcompliments-1568x1041.jpg 1568w\" sizes=\"auto, (max-width: 2560px) 100vw, 2560px\" \/><span aria-hidden=\"true\" class=\"wp-block-cover__background has-background-dim-20 has-background-dim\"><\/span><div class=\"wp-block-cover__inner-container is-layout-flow wp-block-cover-is-layout-flow\">\n<p class=\"has-text-align-center has-white-color has-text-color has-large-font-size\" style=\"text-transform:uppercase\">Good to know<\/p>\n<\/div><\/div>\n\n\n\n<div style=\"height:20px\" aria-hidden=\"true\" class=\"wp-block-spacer\"><\/div>\n\n\n\n<div class=\"wp-block-columns alignwide are-vertically-aligned-top is-layout-flex wp-container-core-columns-is-layout-4fbd9eff wp-block-columns-is-layout-flex\" style=\"padding-top:var(--wp--preset--spacing--30);padding-right:var(--wp--preset--spacing--50);padding-bottom:var(--wp--preset--spacing--30);padding-left:var(--wp--preset--spacing--50)\">\n<div class=\"wp-block-column is-vertically-aligned-top is-layout-flow wp-block-column-is-layout-flow\">\n<h2 class=\"wp-block-heading\"><strong>INFORMATION<\/strong><\/h2>\n\n\n\n<h3 class=\"wp-block-heading\">My City Hotel in Tallinn Old Town<\/h3>\n\n\n\n<p>Vana Posti 11\/13 Tallinn,&nbsp;Estonia<br>Tel <a href=\"tel:+3726220900\">+372 6220 900<\/a><br><a href=\"mailto:info@mycityhotel.ee\">booking@mycityhotel.ee<\/a><br><\/p>\n\n\n\n<p>My City Hotel in Tallinn Old Town is within walking distance of Tallinn&#8217;s shopping centers, restaurants, attractions, and nightclubs.<\/p>\n\n\n\n<ul class=\"wp-block-list\">\n<li>5 km from Tallinn Lennart Meri Airport<\/li>\n\n\n\n<li>1 km from Balti Railway Station<\/li>\n\n\n\n<li>1 km from Tallinn Port<\/li>\n\n\n\n<li>200 m from Viru and Solaris Shopping Centers<\/li>\n\n\n\n<li>100 m from Town Hall Square<\/li>\n\n\n\n<li>200 m from Alexela Concert Hall and Estonian National Opera<\/li>\n<\/ul>\n\n\n\n<p>For any questions regarding the hotel or reservations, please contact us by phone or email. We are happy to assist with any inquiries.<\/p>\n\n\n\n<h2 class=\"wp-block-heading\"><strong>CHECK-IN and CHECK-OUT<\/strong><\/h2>\n\n\n\n<p>Check-in starts from 15.00 and check-out is until 12.00.<\/p>\n\n\n\n<p>Please note that during check-in, we will ask to guarantee the extra services with your bank card. No deposit will be taken.<\/p>\n\n\n\n<p><br><strong>Please become familiar with our <a href=\"https:\/\/www.mycityhotel.ee\/en\/hotel-rules\/\">hotel&#8217;s general terms<\/a> and <a href=\"https:\/\/www.mycityhotel.ee\/en\/privacy-policy\/\">conditions and data processing policies.<\/a><\/strong><\/p>\n<\/div>\n\n\n\n<div class=\"wp-block-column is-vertically-aligned-top is-layout-flow wp-block-column-is-layout-flow\">\n<h2 class=\"wp-block-heading\" style=\"text-transform:uppercase\"><strong>How to get to THE hotel<\/strong><\/h2>\n\n\n\n<p><strong>If you arrive at Lennart Meri Airport (5 km from the hotel):<\/strong><br>&#8211; <strong>Bus number 2:<\/strong> Stop: Lennujaam -&gt; Vabaduse V\u00e4ljak<br>&#8211; <strong>Bus number 15:<\/strong> Stop: Suur-S\u00f5jam\u00e4e -&gt; Vabaduse V\u00e4ljak<br><br><strong>If you arrive by ferry at Tallinn Port (2 km from the hotel):<\/strong><br>&#8211; D-terminal: <strong>Bus 20<\/strong>: Stop: Reisisadama D-Terminal -&gt; Vabaduse V\u00e4ljak<br>&#8211; A-terminal: <strong>Tram number <\/strong>2: Stop: Vanasadam -&gt; Hobujaama<\/p>\n\n\n\n<p><strong>If you arrive by train at Balti Jaam (2 km from the hotel):<\/strong><br>&#8211; <strong>Tram number 5:<\/strong> Stop: Balti Jaam -&gt; Vabaduse V\u00e4ljak<\/p>\n\n\n\n<p><strong>If you arrive at Tallinn Bus Station (3 km from the hotel):<\/strong><br>&#8211; <strong>Tram number 4:<\/strong> Stop: Autobussijaam -&gt; Vabaduse V\u00e4ljak<br>&#8211; <strong>Bus number 2:<\/strong> Stop: Autobussijaam -&gt; Estonia<\/p>\n\n\n\n<p><strong>Public transport tickets<\/strong> can be purchased using a MasterCard\/Visa card at the first validator next to the driver. A one-hour ticket costs \u20ac2.<\/p>\n\n\n\n<h2 class=\"wp-block-heading\"><strong>LUGGAGE ROOM<\/strong><\/h2>\n\n\n\n<p>There is a luggage storage facility on the hotel&#8217;s first floor, available for all guests free of charge. <br><\/p>\n\n\n\n<h2 class=\"wp-block-heading\"><strong>BREAKFAST<\/strong><\/h2>\n\n\n\n<p><strong>Breakfast is served:<\/strong><br>Monday to Friday: 07:00\u201310:00<br>Saturdays, Sundays, and public holidays: 08:00\u201311:00.<br>If you wish to order breakfast to your room, please contact the reception.<\/p>\n\n\n\n<h2 class=\"wp-block-heading\"><br><\/h2>\n\n\n\n<h2 class=\"wp-block-heading\"><br><\/h2>\n<\/div>\n<\/div>\n\n\n\n<div style=\"height:20px\" aria-hidden=\"true\" class=\"wp-block-spacer\"><\/div>\n","protected":false},"excerpt":{"rendered":"<p>INFORMATION My City Hotel in Tallinn Old Town Vana Posti 11\/13 Tallinn,&nbsp;EstoniaTel +372 6220 900booking@mycityhotel.ee My City Hotel in Tallinn Old Town is within walking distance of Tallinn&#8217;s shopping centers, restaurants, attractions, and nightclubs. For any questions regarding the hotel or reservations, please contact us by phone or email. We are happy to assist with [&hellip;]<\/p>\n","protected":false},"author":2,"featured_media":0,"parent":0,"menu_order":0,"comment_status":"closed","ping_status":"closed","template":"","meta":{"_improvement_type_select":"improve_an_existing","_thumb_yes_seoaic":false,"_frame_yes_seoaic":false,"seoaic_generate_description":"","seoaic_improve_instructions_prompt":"","seoaic_rollback_content_improvement":"","seoaic_idea_thumbnail_generator":"","thumbnail_generated":false,"thumbnail_generate_prompt":"","seoaic_article_description":"","inline_featured_image":false,"footnotes":""},"class_list":["post-560","page","type-page","status-publish","hentry"],"yoast_head":"<!-- This site is optimized with the Yoast SEO plugin v27.2 - https:\/\/yoast.com\/product\/yoast-seo-wordpress\/ -->\n<title>Good to know - My City hotel vanalinnas<\/title>\n<meta name=\"robots\" content=\"index, follow, max-snippet:-1, max-image-preview:large, max-video-preview:-1\" \/>\n<link rel=\"canonical\" href=\"https:\/\/www.mycityhotel.ee\/en\/good-to-know\/\" \/>\n<meta property=\"og:locale\" content=\"en_US\" \/>\n<meta property=\"og:type\" content=\"article\" \/>\n<meta property=\"og:title\" content=\"Good to know - My City hotel vanalinnas\" \/>\n<meta property=\"og:description\" content=\"INFORMATION My City Hotel in Tallinn Old Town Vana Posti 11\/13 Tallinn,&nbsp;EstoniaTel +372 6220 900booking@mycityhotel.ee My City Hotel in Tallinn Old Town is within walking distance of Tallinn&#8217;s shopping centers, restaurants, attractions, and nightclubs. For any questions regarding the hotel or reservations, please contact us by phone or email. We are happy to assist with [&hellip;]\" \/>\n<meta property=\"og:url\" content=\"https:\/\/www.mycityhotel.ee\/en\/good-to-know\/\" \/>\n<meta property=\"og:site_name\" content=\"My City hotel vanalinnas\" \/>\n<meta property=\"article:modified_time\" content=\"2025-10-10T12:54:10+00:00\" \/>\n<meta property=\"og:image\" content=\"https:\/\/www.mycityhotel.ee\/wp-content\/uploads\/2023\/11\/My_City_Hotel_withcompliments-scaled.jpg\" \/>\n\t<meta property=\"og:image:width\" content=\"2560\" \/>\n\t<meta property=\"og:image:height\" content=\"1700\" \/>\n\t<meta property=\"og:image:type\" content=\"image\/jpeg\" \/>\n<meta name=\"twitter:card\" content=\"summary_large_image\" \/>\n<meta name=\"twitter:label1\" content=\"Est. reading time\" \/>\n\t<meta name=\"twitter:data1\" content=\"2 minutes\" \/>\n<script type=\"application\/ld+json\" class=\"yoast-schema-graph\">{\"@context\":\"https:\/\/schema.org\",\"@graph\":[{\"@type\":\"WebPage\",\"@id\":\"https:\/\/www.mycityhotel.ee\/en\/good-to-know\/\",\"url\":\"https:\/\/www.mycityhotel.ee\/en\/good-to-know\/\",\"name\":\"Good to know - My City hotel vanalinnas\",\"isPartOf\":{\"@id\":\"https:\/\/www.mycityhotel.ee\/#website\"},\"primaryImageOfPage\":{\"@id\":\"https:\/\/www.mycityhotel.ee\/en\/good-to-know\/#primaryimage\"},\"image\":{\"@id\":\"https:\/\/www.mycityhotel.ee\/en\/good-to-know\/#primaryimage\"},\"thumbnailUrl\":\"https:\/\/www.mycityhotel.ee\/wp-content\/uploads\/2023\/11\/My_City_Hotel_withcompliments-scaled.jpg\",\"datePublished\":\"2023-11-26T07:15:48+00:00\",\"dateModified\":\"2025-10-10T12:54:10+00:00\",\"breadcrumb\":{\"@id\":\"https:\/\/www.mycityhotel.ee\/en\/good-to-know\/#breadcrumb\"},\"inLanguage\":\"en-US\",\"potentialAction\":[{\"@type\":\"ReadAction\",\"target\":[\"https:\/\/www.mycityhotel.ee\/en\/good-to-know\/\"]}]},{\"@type\":\"ImageObject\",\"inLanguage\":\"en-US\",\"@id\":\"https:\/\/www.mycityhotel.ee\/en\/good-to-know\/#primaryimage\",\"url\":\"https:\/\/www.mycityhotel.ee\/wp-content\/uploads\/2023\/11\/My_City_Hotel_withcompliments-scaled.jpg\",\"contentUrl\":\"https:\/\/www.mycityhotel.ee\/wp-content\/uploads\/2023\/11\/My_City_Hotel_withcompliments-scaled.jpg\"},{\"@type\":\"BreadcrumbList\",\"@id\":\"https:\/\/www.mycityhotel.ee\/en\/good-to-know\/#breadcrumb\",\"itemListElement\":[{\"@type\":\"ListItem\",\"position\":1,\"name\":\"Home\",\"item\":\"https:\/\/www.mycityhotel.ee\/en\/\"},{\"@type\":\"ListItem\",\"position\":2,\"name\":\"Good to know\"}]},{\"@type\":\"WebSite\",\"@id\":\"https:\/\/www.mycityhotel.ee\/#website\",\"url\":\"https:\/\/www.mycityhotel.ee\/\",\"name\":\"My City hotel vanalinnas\",\"description\":\"\",\"potentialAction\":[{\"@type\":\"SearchAction\",\"target\":{\"@type\":\"EntryPoint\",\"urlTemplate\":\"https:\/\/www.mycityhotel.ee\/?s={search_term_string}\"},\"query-input\":{\"@type\":\"PropertyValueSpecification\",\"valueRequired\":true,\"valueName\":\"search_term_string\"}}],\"inLanguage\":\"en-US\"}]}<\/script>\n<!-- \/ Yoast SEO plugin. -->","yoast_head_json":{"title":"Good to know - My City hotel vanalinnas","robots":{"index":"index","follow":"follow","max-snippet":"max-snippet:-1","max-image-preview":"max-image-preview:large","max-video-preview":"max-video-preview:-1"},"canonical":"https:\/\/www.mycityhotel.ee\/en\/good-to-know\/","og_locale":"en_US","og_type":"article","og_title":"Good to know - My City hotel vanalinnas","og_description":"INFORMATION My City Hotel in Tallinn Old Town Vana Posti 11\/13 Tallinn,&nbsp;EstoniaTel +372 6220 900booking@mycityhotel.ee My City Hotel in Tallinn Old Town is within walking distance of Tallinn&#8217;s shopping centers, restaurants, attractions, and nightclubs. For any questions regarding the hotel or reservations, please contact us by phone or email. We are happy to assist with [&hellip;]","og_url":"https:\/\/www.mycityhotel.ee\/en\/good-to-know\/","og_site_name":"My City hotel vanalinnas","article_modified_time":"2025-10-10T12:54:10+00:00","og_image":[{"width":2560,"height":1700,"url":"https:\/\/www.mycityhotel.ee\/wp-content\/uploads\/2023\/11\/My_City_Hotel_withcompliments-scaled.jpg","type":"image\/jpeg"}],"twitter_card":"summary_large_image","twitter_misc":{"Est. reading time":"2 minutes"},"schema":{"@context":"https:\/\/schema.org","@graph":[{"@type":"WebPage","@id":"https:\/\/www.mycityhotel.ee\/en\/good-to-know\/","url":"https:\/\/www.mycityhotel.ee\/en\/good-to-know\/","name":"Good to know - My City hotel vanalinnas","isPartOf":{"@id":"https:\/\/www.mycityhotel.ee\/#website"},"primaryImageOfPage":{"@id":"https:\/\/www.mycityhotel.ee\/en\/good-to-know\/#primaryimage"},"image":{"@id":"https:\/\/www.mycityhotel.ee\/en\/good-to-know\/#primaryimage"},"thumbnailUrl":"https:\/\/www.mycityhotel.ee\/wp-content\/uploads\/2023\/11\/My_City_Hotel_withcompliments-scaled.jpg","datePublished":"2023-11-26T07:15:48+00:00","dateModified":"2025-10-10T12:54:10+00:00","breadcrumb":{"@id":"https:\/\/www.mycityhotel.ee\/en\/good-to-know\/#breadcrumb"},"inLanguage":"en-US","potentialAction":[{"@type":"ReadAction","target":["https:\/\/www.mycityhotel.ee\/en\/good-to-know\/"]}]},{"@type":"ImageObject","inLanguage":"en-US","@id":"https:\/\/www.mycityhotel.ee\/en\/good-to-know\/#primaryimage","url":"https:\/\/www.mycityhotel.ee\/wp-content\/uploads\/2023\/11\/My_City_Hotel_withcompliments-scaled.jpg","contentUrl":"https:\/\/www.mycityhotel.ee\/wp-content\/uploads\/2023\/11\/My_City_Hotel_withcompliments-scaled.jpg"},{"@type":"BreadcrumbList","@id":"https:\/\/www.mycityhotel.ee\/en\/good-to-know\/#breadcrumb","itemListElement":[{"@type":"ListItem","position":1,"name":"Home","item":"https:\/\/www.mycityhotel.ee\/en\/"},{"@type":"ListItem","position":2,"name":"Good to know"}]},{"@type":"WebSite","@id":"https:\/\/www.mycityhotel.ee\/#website","url":"https:\/\/www.mycityhotel.ee\/","name":"My City hotel vanalinnas","description":"","potentialAction":[{"@type":"SearchAction","target":{"@type":"EntryPoint","urlTemplate":"https:\/\/www.mycityhotel.ee\/?s={search_term_string}"},"query-input":{"@type":"PropertyValueSpecification","valueRequired":true,"valueName":"search_term_string"}}],"inLanguage":"en-US"}]}},"_links":{"self":[{"href":"https:\/\/www.mycityhotel.ee\/en\/wp-json\/wp\/v2\/pages\/560","targetHints":{"allow":["GET"]}}],"collection":[{"href":"https:\/\/www.mycityhotel.ee\/en\/wp-json\/wp\/v2\/pages"}],"about":[{"href":"https:\/\/www.mycityhotel.ee\/en\/wp-json\/wp\/v2\/types\/page"}],"author":[{"embeddable":true,"href":"https:\/\/www.mycityhotel.ee\/en\/wp-json\/wp\/v2\/users\/2"}],"replies":[{"embeddable":true,"href":"https:\/\/www.mycityhotel.ee\/en\/wp-json\/wp\/v2\/comments?post=560"}],"version-history":[{"count":13,"href":"https:\/\/www.mycityhotel.ee\/en\/wp-json\/wp\/v2\/pages\/560\/revisions"}],"predecessor-version":[{"id":3031,"href":"https:\/\/www.mycityhotel.ee\/en\/wp-json\/wp\/v2\/pages\/560\/revisions\/3031"}],"wp:attachment":[{"href":"https:\/\/www.mycityhotel.ee\/en\/wp-json\/wp\/v2\/media?parent=560"}],"curies":[{"name":"wp","href":"https:\/\/api.w.org\/{rel}","templated":true}]}}